{"id":1329,"date":"2025-06-16T12:19:52","date_gmt":"2025-06-16T15:19:52","guid":{"rendered":"https:\/\/nucleodisca.cl\/?page_id=1329"},"modified":"2026-03-31T14:05:28","modified_gmt":"2026-03-31T18:05:28","slug":"valquiria-ramos","status":"publish","type":"page","link":"https:\/\/nucleodisca.cl\/en\/quienes-somos\/equipo-ejecutivo\/administracion\/valquiria-ramos\/","title":{"rendered":"Valquiria Ramos"},"content":{"rendered":"<p><\/p>\n<p data-start=\"0\" data-end=\"10\"><strong>Valquiria Ramos<\/strong><\/p>\n<p data-start=\"0\" data-end=\"10\">Journalist<br \/>\ncomunicaciones@nucleodisca.cl<br \/>\n<a href=\"https:\/\/orcid.org\/0000-0003-4038-171X\">ORCID Academic profile<\/a><\/p>\n<p data-start=\"12\" data-end=\"882\" data-is-last-node=\"\" data-is-only-node=\"\">PhD candidate in Communication Sciences at the Pontificia Universidad Cat\u00f3lica de Chile. Her doctoral project examines decision-making processes in the editorial management of four academic journals on disability that publish in Spanish. Since 2018, she has also been developing a line of research on representations of disability in journalistic media. She is a collaborator of N\u00facleo DISCA, a researcher at the Interdisciplinary Research Group on Disability at the Pontificia Universidad Cat\u00f3lica del Per\u00fa (GRIDIS-PUCP), and a member of both the Disability, Media and Communication Working Group of the International Communication Association (ICA) and the Chilean Society for Social Network Science (Chisocnet). She also has two adult autistic siblings and is part of <em data-start=\"783\" data-end=\"801\">Hermanes Capaces<\/em>, a peer support network for siblings of people with disabilities, based in Peru.<\/p>\n<p data-start=\"12\" data-end=\"882\" data-is-last-node=\"\" data-is-only-node=\"\">\n<p><\/p>","protected":false},"excerpt":{"rendered":"<p>Valquiria Ramos Journalist comunicaciones@nucleodisca.cl ORCID Academic profile PhD candidate in Communication Sciences at the Pontificia Universidad Cat\u00f3lica de Chile. Her doctoral project examines decision-making processes in the editorial management of four academic journals on disability that publish in Spanish. Since 2018, she has also been developing a line of research on representations of disability in [&hellip;]<\/p>\n","protected":false},"author":5,"featured_media":2037,"parent":40,"menu_order":3,"comment_status":"closed","ping_status":"closed","template":"","meta":{"_acf_changed":false,"footnotes":""},"class_list":["post-1329","page","type-page","status-publish","has-post-thumbnail","hentry"],"acf":[],"yoast_head":"<!-- This site is optimized with the Yoast SEO plugin v25.6 - https:\/\/yoast.com\/wordpress\/plugins\/seo\/ -->\n<title>Valquiria Ramos - N\u00facleo Disca<\/title>\n<meta name=\"robots\" content=\"index, follow, max-snippet:-1, max-image-preview:large, max-video-preview:-1\" \/>\n<link rel=\"canonical\" href=\"https:\/\/nucleodisca.cl\/quienes-somos\/equipo-ejecutivo\/administracion\/valquiria-ramos\/\" \/>\n<meta property=\"og:locale\" content=\"en_US\" \/>\n<meta property=\"og:type\" content=\"article\" \/>\n<meta property=\"og:title\" content=\"Valquiria Ramos - N\u00facleo Disca\" \/>\n<meta property=\"og:description\" content=\"Valquiria Ramos Journalist comunicaciones@nucleodisca.cl ORCID Academic profile PhD candidate in Communication Sciences at the Pontificia Universidad Cat\u00f3lica de Chile. Her doctoral project examines decision-making processes in the editorial management of four academic journals on disability that publish in Spanish. Since 2018, she has also been developing a line of research on representations of disability in [&hellip;]\" \/>\n<meta property=\"og:url\" content=\"https:\/\/nucleodisca.cl\/quienes-somos\/equipo-ejecutivo\/administracion\/valquiria-ramos\/\" \/>\n<meta property=\"og:site_name\" content=\"N\u00facleo Disca\" \/>\n<meta property=\"article:publisher\" content=\"https:\/\/www.facebook.com\/nucleodisca\" \/>\n<meta property=\"article:modified_time\" content=\"2026-03-31T18:05:28+00:00\" \/>\n<meta property=\"og:image\" content=\"https:\/\/nucleodisca.cl\/cms\/wp-content\/uploads\/2026\/03\/nucleo-milenio-x-cheche-calfin-9_55051798160_o-scaled-e1774979583381.jpg\" \/>\n\t<meta property=\"og:image:width\" content=\"1562\" \/>\n\t<meta property=\"og:image:height\" content=\"1562\" \/>\n\t<meta property=\"og:image:type\" content=\"image\/jpeg\" \/>\n<meta name=\"twitter:card\" content=\"summary_large_image\" \/>\n<meta name=\"twitter:site\" content=\"@NucleoDISCA\" \/>\n<meta name=\"twitter:label1\" content=\"Est. reading time\" \/>\n\t<meta name=\"twitter:data1\" content=\"1 minute\" \/>\n<script type=\"application\/ld+json\" class=\"yoast-schema-graph\">{\"@context\":\"https:\/\/schema.org\",\"@graph\":[{\"@type\":\"WebPage\",\"@id\":\"https:\/\/nucleodisca.cl\/quienes-somos\/equipo-ejecutivo\/administracion\/valquiria-ramos\/\",\"url\":\"https:\/\/nucleodisca.cl\/quienes-somos\/equipo-ejecutivo\/administracion\/valquiria-ramos\/\",\"name\":\"Valquiria Ramos - N\u00facleo Disca\",\"isPartOf\":{\"@id\":\"https:\/\/nucleodisca.cl\/#website\"},\"primaryImageOfPage\":{\"@id\":\"https:\/\/nucleodisca.cl\/quienes-somos\/equipo-ejecutivo\/administracion\/valquiria-ramos\/#primaryimage\"},\"image\":{\"@id\":\"https:\/\/nucleodisca.cl\/quienes-somos\/equipo-ejecutivo\/administracion\/valquiria-ramos\/#primaryimage\"},\"thumbnailUrl\":\"https:\/\/nucleodisca.cl\/cms\/wp-content\/uploads\/2026\/03\/nucleo-milenio-x-cheche-calfin-9_55051798160_o-scaled-e1774979583381.jpg\",\"datePublished\":\"2025-06-16T15:19:52+00:00\",\"dateModified\":\"2026-03-31T18:05:28+00:00\",\"breadcrumb\":{\"@id\":\"https:\/\/nucleodisca.cl\/quienes-somos\/equipo-ejecutivo\/administracion\/valquiria-ramos\/#breadcrumb\"},\"inLanguage\":\"en-US\",\"potentialAction\":[{\"@type\":\"ReadAction\",\"target\":[\"https:\/\/nucleodisca.cl\/quienes-somos\/equipo-ejecutivo\/administracion\/valquiria-ramos\/\"]}]},{\"@type\":\"ImageObject\",\"inLanguage\":\"en-US\",\"@id\":\"https:\/\/nucleodisca.cl\/quienes-somos\/equipo-ejecutivo\/administracion\/valquiria-ramos\/#primaryimage\",\"url\":\"https:\/\/nucleodisca.cl\/cms\/wp-content\/uploads\/2026\/03\/nucleo-milenio-x-cheche-calfin-9_55051798160_o-scaled-e1774979583381.jpg\",\"contentUrl\":\"https:\/\/nucleodisca.cl\/cms\/wp-content\/uploads\/2026\/03\/nucleo-milenio-x-cheche-calfin-9_55051798160_o-scaled-e1774979583381.jpg\",\"width\":1562,\"height\":1562,\"caption\":\"Fotograf\u00eda Valquiria Ramos\"},{\"@type\":\"BreadcrumbList\",\"@id\":\"https:\/\/nucleodisca.cl\/quienes-somos\/equipo-ejecutivo\/administracion\/valquiria-ramos\/#breadcrumb\",\"itemListElement\":[{\"@type\":\"ListItem\",\"position\":1,\"name\":\"Portada\",\"item\":\"https:\/\/nucleodisca.cl\/\"},{\"@type\":\"ListItem\",\"position\":2,\"name\":\"Qui\u00e9nes somos\",\"item\":\"https:\/\/nucleodisca.cl\/quienes-somos\/\"},{\"@type\":\"ListItem\",\"position\":3,\"name\":\"Equipo Ejecutivo\",\"item\":\"https:\/\/nucleodisca.cl\/quienes-somos\/equipo-ejecutivo\/\"},{\"@type\":\"ListItem\",\"position\":4,\"name\":\"Administraci\u00f3n\",\"item\":\"https:\/\/nucleodisca.cl\/quienes-somos\/equipo-ejecutivo\/administracion\/\"},{\"@type\":\"ListItem\",\"position\":5,\"name\":\"Valquiria Ramos\"}]},{\"@type\":\"WebSite\",\"@id\":\"https:\/\/nucleodisca.cl\/#website\",\"url\":\"https:\/\/nucleodisca.cl\/\",\"name\":\"N\u00facleo Disca\",\"description\":\"Disability and citizenship\",\"publisher\":{\"@id\":\"https:\/\/nucleodisca.cl\/#organization\"},\"potentialAction\":[{\"@type\":\"SearchAction\",\"target\":{\"@type\":\"EntryPoint\",\"urlTemplate\":\"https:\/\/nucleodisca.cl\/?s={search_term_string}\"},\"query-input\":{\"@type\":\"PropertyValueSpecification\",\"valueRequired\":true,\"valueName\":\"search_term_string\"}}],\"inLanguage\":\"en-US\"},{\"@type\":\"Organization\",\"@id\":\"https:\/\/nucleodisca.cl\/#organization\",\"name\":\"N\u00facleo Milenio Disca\",\"url\":\"https:\/\/nucleodisca.cl\/\",\"logo\":{\"@type\":\"ImageObject\",\"inLanguage\":\"en-US\",\"@id\":\"https:\/\/nucleodisca.cl\/#\/schema\/logo\/image\/\",\"url\":\"https:\/\/nucleodisca.cl\/cms\/wp-content\/uploads\/2023\/10\/DISCA-2-NEGRO-COLOR-A.png\",\"contentUrl\":\"https:\/\/nucleodisca.cl\/cms\/wp-content\/uploads\/2023\/10\/DISCA-2-NEGRO-COLOR-A.png\",\"width\":3319,\"height\":1759,\"caption\":\"N\u00facleo Milenio Disca\"},\"image\":{\"@id\":\"https:\/\/nucleodisca.cl\/#\/schema\/logo\/image\/\"},\"sameAs\":[\"https:\/\/www.facebook.com\/nucleodisca\",\"https:\/\/x.com\/NucleoDISCA\",\"https:\/\/www.instagram.com\/nucleodisca\/\",\"https:\/\/www.linkedin.com\/in\/andreaocampocea\/\"]}]}<\/script>\n<!-- \/ Yoast SEO plugin. -->","yoast_head_json":{"title":"Valquiria Ramos - N\u00facleo Disca","robots":{"index":"index","follow":"follow","max-snippet":"max-snippet:-1","max-image-preview":"max-image-preview:large","max-video-preview":"max-video-preview:-1"},"canonical":"https:\/\/nucleodisca.cl\/quienes-somos\/equipo-ejecutivo\/administracion\/valquiria-ramos\/","og_locale":"en_US","og_type":"article","og_title":"Valquiria Ramos - N\u00facleo Disca","og_description":"Valquiria Ramos Journalist comunicaciones@nucleodisca.cl ORCID Academic profile PhD candidate in Communication Sciences at the Pontificia Universidad Cat\u00f3lica de Chile. Her doctoral project examines decision-making processes in the editorial management of four academic journals on disability that publish in Spanish. Since 2018, she has also been developing a line of research on representations of disability in [&hellip;]","og_url":"https:\/\/nucleodisca.cl\/quienes-somos\/equipo-ejecutivo\/administracion\/valquiria-ramos\/","og_site_name":"N\u00facleo Disca","article_publisher":"https:\/\/www.facebook.com\/nucleodisca","article_modified_time":"2026-03-31T18:05:28+00:00","og_image":[{"width":1562,"height":1562,"url":"https:\/\/nucleodisca.cl\/cms\/wp-content\/uploads\/2026\/03\/nucleo-milenio-x-cheche-calfin-9_55051798160_o-scaled-e1774979583381.jpg","type":"image\/jpeg"}],"twitter_card":"summary_large_image","twitter_site":"@NucleoDISCA","twitter_misc":{"Est. reading time":"1 minute"},"schema":{"@context":"https:\/\/schema.org","@graph":[{"@type":"WebPage","@id":"https:\/\/nucleodisca.cl\/quienes-somos\/equipo-ejecutivo\/administracion\/valquiria-ramos\/","url":"https:\/\/nucleodisca.cl\/quienes-somos\/equipo-ejecutivo\/administracion\/valquiria-ramos\/","name":"Valquiria Ramos - N\u00facleo Disca","isPartOf":{"@id":"https:\/\/nucleodisca.cl\/#website"},"primaryImageOfPage":{"@id":"https:\/\/nucleodisca.cl\/quienes-somos\/equipo-ejecutivo\/administracion\/valquiria-ramos\/#primaryimage"},"image":{"@id":"https:\/\/nucleodisca.cl\/quienes-somos\/equipo-ejecutivo\/administracion\/valquiria-ramos\/#primaryimage"},"thumbnailUrl":"https:\/\/nucleodisca.cl\/cms\/wp-content\/uploads\/2026\/03\/nucleo-milenio-x-cheche-calfin-9_55051798160_o-scaled-e1774979583381.jpg","datePublished":"2025-06-16T15:19:52+00:00","dateModified":"2026-03-31T18:05:28+00:00","breadcrumb":{"@id":"https:\/\/nucleodisca.cl\/quienes-somos\/equipo-ejecutivo\/administracion\/valquiria-ramos\/#breadcrumb"},"inLanguage":"en-US","potentialAction":[{"@type":"ReadAction","target":["https:\/\/nucleodisca.cl\/quienes-somos\/equipo-ejecutivo\/administracion\/valquiria-ramos\/"]}]},{"@type":"ImageObject","inLanguage":"en-US","@id":"https:\/\/nucleodisca.cl\/quienes-somos\/equipo-ejecutivo\/administracion\/valquiria-ramos\/#primaryimage","url":"https:\/\/nucleodisca.cl\/cms\/wp-content\/uploads\/2026\/03\/nucleo-milenio-x-cheche-calfin-9_55051798160_o-scaled-e1774979583381.jpg","contentUrl":"https:\/\/nucleodisca.cl\/cms\/wp-content\/uploads\/2026\/03\/nucleo-milenio-x-cheche-calfin-9_55051798160_o-scaled-e1774979583381.jpg","width":1562,"height":1562,"caption":"Fotograf\u00eda Valquiria Ramos"},{"@type":"BreadcrumbList","@id":"https:\/\/nucleodisca.cl\/quienes-somos\/equipo-ejecutivo\/administracion\/valquiria-ramos\/#breadcrumb","itemListElement":[{"@type":"ListItem","position":1,"name":"Portada","item":"https:\/\/nucleodisca.cl\/"},{"@type":"ListItem","position":2,"name":"Qui\u00e9nes somos","item":"https:\/\/nucleodisca.cl\/quienes-somos\/"},{"@type":"ListItem","position":3,"name":"Equipo Ejecutivo","item":"https:\/\/nucleodisca.cl\/quienes-somos\/equipo-ejecutivo\/"},{"@type":"ListItem","position":4,"name":"Administraci\u00f3n","item":"https:\/\/nucleodisca.cl\/quienes-somos\/equipo-ejecutivo\/administracion\/"},{"@type":"ListItem","position":5,"name":"Valquiria Ramos"}]},{"@type":"WebSite","@id":"https:\/\/nucleodisca.cl\/#website","url":"https:\/\/nucleodisca.cl\/","name":"N\u00facleo Disca","description":"Disability and citizenship","publisher":{"@id":"https:\/\/nucleodisca.cl\/#organization"},"potentialAction":[{"@type":"SearchAction","target":{"@type":"EntryPoint","urlTemplate":"https:\/\/nucleodisca.cl\/?s={search_term_string}"},"query-input":{"@type":"PropertyValueSpecification","valueRequired":true,"valueName":"search_term_string"}}],"inLanguage":"en-US"},{"@type":"Organization","@id":"https:\/\/nucleodisca.cl\/#organization","name":"N\u00facleo Milenio Disca","url":"https:\/\/nucleodisca.cl\/","logo":{"@type":"ImageObject","inLanguage":"en-US","@id":"https:\/\/nucleodisca.cl\/#\/schema\/logo\/image\/","url":"https:\/\/nucleodisca.cl\/cms\/wp-content\/uploads\/2023\/10\/DISCA-2-NEGRO-COLOR-A.png","contentUrl":"https:\/\/nucleodisca.cl\/cms\/wp-content\/uploads\/2023\/10\/DISCA-2-NEGRO-COLOR-A.png","width":3319,"height":1759,"caption":"N\u00facleo Milenio Disca"},"image":{"@id":"https:\/\/nucleodisca.cl\/#\/schema\/logo\/image\/"},"sameAs":["https:\/\/www.facebook.com\/nucleodisca","https:\/\/x.com\/NucleoDISCA","https:\/\/www.instagram.com\/nucleodisca\/","https:\/\/www.linkedin.com\/in\/andreaocampocea\/"]}]}},"_links":{"self":[{"href":"https:\/\/nucleodisca.cl\/en\/wp-json\/wp\/v2\/pages\/1329","targetHints":{"allow":["GET"]}}],"collection":[{"href":"https:\/\/nucleodisca.cl\/en\/wp-json\/wp\/v2\/pages"}],"about":[{"href":"https:\/\/nucleodisca.cl\/en\/wp-json\/wp\/v2\/types\/page"}],"author":[{"embeddable":true,"href":"https:\/\/nucleodisca.cl\/en\/wp-json\/wp\/v2\/users\/5"}],"replies":[{"embeddable":true,"href":"https:\/\/nucleodisca.cl\/en\/wp-json\/wp\/v2\/comments?post=1329"}],"version-history":[{"count":4,"href":"https:\/\/nucleodisca.cl\/en\/wp-json\/wp\/v2\/pages\/1329\/revisions"}],"predecessor-version":[{"id":2046,"href":"https:\/\/nucleodisca.cl\/en\/wp-json\/wp\/v2\/pages\/1329\/revisions\/2046"}],"up":[{"embeddable":true,"href":"https:\/\/nucleodisca.cl\/en\/wp-json\/wp\/v2\/pages\/40"}],"wp:featuredmedia":[{"embeddable":true,"href":"https:\/\/nucleodisca.cl\/en\/wp-json\/wp\/v2\/media\/2037"}],"wp:attachment":[{"href":"https:\/\/nucleodisca.cl\/en\/wp-json\/wp\/v2\/media?parent=1329"}],"curies":[{"name":"wp","href":"https:\/\/api.w.org\/{rel}","templated":true}]}}