{"id":1437,"date":"2025-06-26T17:28:01","date_gmt":"2025-06-26T21:28:01","guid":{"rendered":"https:\/\/nucleodisca.cl\/?page_id=1437"},"modified":"2026-04-15T16:35:47","modified_gmt":"2026-04-15T20:35:47","slug":"romina-zamorano","status":"publish","type":"page","link":"https:\/\/nucleodisca.cl\/en\/quienes-somos\/estudiantes\/pregrado\/romina-zamorano\/","title":{"rendered":"Romina Zamorano"},"content":{"rendered":"<p>Degree in Sociology from the Diego Portales University. In 2025, he joined the N\u00facleo Milenio Disca, after developing his undergraduate thesis on one of the lines: sexuality and reproduction of the N\u00facleo. His research entitled Transition to Adulthood for Young People with Disabilities: &#8220;Challenges of Being an Adult.&#8221; This study examines the challenges faced by young people with disabilities and their families during the transition to adulthood. The research seeks to make visible a reality often silenced and that remains in the private sphere.<\/p>\n<p>Currently holds the position of intern at DISCA.<\/p>\n<p>Throughout my career, I have participated in some activities, such as my first intervention in my first year of university and I did a FANZINE: Theoretical Skills Workshop, as well as a sociological journal: Stories from the street (&#8220;The end of the world&#8221;), both from the UDP Laboratory of Social Transformations.<\/p>\n<p>&nbsp;<\/p>","protected":false},"excerpt":{"rendered":"<p>Degree in Sociology from the Diego Portales University. In 2025, he joined the N\u00facleo Milenio Disca, after developing his undergraduate thesis on one of the lines: sexuality and reproduction of the N\u00facleo. His research entitled Transition to Adulthood for Young People with Disabilities: &#8220;Challenges of Being an Adult.&#8221; This study examines the challenges faced by [&hellip;]<\/p>\n","protected":false},"author":5,"featured_media":1446,"parent":614,"menu_order":0,"comment_status":"closed","ping_status":"closed","template":"","meta":{"_acf_changed":false,"footnotes":""},"class_list":["post-1437","page","type-page","status-publish","has-post-thumbnail","hentry"],"acf":[],"yoast_head":"<!-- This site is optimized with the Yoast SEO plugin v25.6 - https:\/\/yoast.com\/wordpress\/plugins\/seo\/ -->\n<title>Romina Zamorano - N\u00facleo Disca<\/title>\n<meta name=\"robots\" content=\"index, follow, max-snippet:-1, max-image-preview:large, max-video-preview:-1\" \/>\n<link rel=\"canonical\" href=\"https:\/\/nucleodisca.cl\/quienes-somos\/estudiantes\/pregrado\/romina-zamorano\/\" \/>\n<meta property=\"og:locale\" content=\"en_US\" \/>\n<meta property=\"og:type\" content=\"article\" \/>\n<meta property=\"og:title\" content=\"Romina Zamorano - N\u00facleo Disca\" \/>\n<meta property=\"og:description\" content=\"Degree in Sociology from the Diego Portales University. In 2025, he joined the N\u00facleo Milenio Disca, after developing his undergraduate thesis on one of the lines: sexuality and reproduction of the N\u00facleo. His research entitled Transition to Adulthood for Young People with Disabilities: &#8220;Challenges of Being an Adult.&#8221; This study examines the challenges faced by [&hellip;]\" \/>\n<meta property=\"og:url\" content=\"https:\/\/nucleodisca.cl\/quienes-somos\/estudiantes\/pregrado\/romina-zamorano\/\" \/>\n<meta property=\"og:site_name\" content=\"N\u00facleo Disca\" \/>\n<meta property=\"article:publisher\" content=\"https:\/\/www.facebook.com\/nucleodisca\" \/>\n<meta property=\"article:modified_time\" content=\"2026-04-15T20:35:47+00:00\" \/>\n<meta property=\"og:image\" content=\"https:\/\/nucleodisca.cl\/cms\/wp-content\/uploads\/2025\/06\/1743455478570-ROMINA-SOL-ZAMORANO-REYES-e1751382129673.jpg\" \/>\n\t<meta property=\"og:image:width\" content=\"1200\" \/>\n\t<meta property=\"og:image:height\" content=\"1200\" \/>\n\t<meta property=\"og:image:type\" content=\"image\/jpeg\" \/>\n<meta name=\"twitter:card\" content=\"summary_large_image\" \/>\n<meta name=\"twitter:site\" content=\"@NucleoDISCA\" \/>\n<meta name=\"twitter:label1\" content=\"Est. reading time\" \/>\n\t<meta name=\"twitter:data1\" content=\"1 minute\" \/>\n<script type=\"application\/ld+json\" class=\"yoast-schema-graph\">{\"@context\":\"https:\/\/schema.org\",\"@graph\":[{\"@type\":\"WebPage\",\"@id\":\"https:\/\/nucleodisca.cl\/quienes-somos\/estudiantes\/pregrado\/romina-zamorano\/\",\"url\":\"https:\/\/nucleodisca.cl\/quienes-somos\/estudiantes\/pregrado\/romina-zamorano\/\",\"name\":\"Romina Zamorano - N\u00facleo Disca\",\"isPartOf\":{\"@id\":\"https:\/\/nucleodisca.cl\/#website\"},\"primaryImageOfPage\":{\"@id\":\"https:\/\/nucleodisca.cl\/quienes-somos\/estudiantes\/pregrado\/romina-zamorano\/#primaryimage\"},\"image\":{\"@id\":\"https:\/\/nucleodisca.cl\/quienes-somos\/estudiantes\/pregrado\/romina-zamorano\/#primaryimage\"},\"thumbnailUrl\":\"https:\/\/nucleodisca.cl\/cms\/wp-content\/uploads\/2025\/06\/1743455478570-ROMINA-SOL-ZAMORANO-REYES-e1751382129673.jpg\",\"datePublished\":\"2025-06-26T21:28:01+00:00\",\"dateModified\":\"2026-04-15T20:35:47+00:00\",\"breadcrumb\":{\"@id\":\"https:\/\/nucleodisca.cl\/quienes-somos\/estudiantes\/pregrado\/romina-zamorano\/#breadcrumb\"},\"inLanguage\":\"en-US\",\"potentialAction\":[{\"@type\":\"ReadAction\",\"target\":[\"https:\/\/nucleodisca.cl\/quienes-somos\/estudiantes\/pregrado\/romina-zamorano\/\"]}]},{\"@type\":\"ImageObject\",\"inLanguage\":\"en-US\",\"@id\":\"https:\/\/nucleodisca.cl\/quienes-somos\/estudiantes\/pregrado\/romina-zamorano\/#primaryimage\",\"url\":\"https:\/\/nucleodisca.cl\/cms\/wp-content\/uploads\/2025\/06\/1743455478570-ROMINA-SOL-ZAMORANO-REYES-e1751382129673.jpg\",\"contentUrl\":\"https:\/\/nucleodisca.cl\/cms\/wp-content\/uploads\/2025\/06\/1743455478570-ROMINA-SOL-ZAMORANO-REYES-e1751382129673.jpg\",\"width\":1200,\"height\":1200},{\"@type\":\"BreadcrumbList\",\"@id\":\"https:\/\/nucleodisca.cl\/quienes-somos\/estudiantes\/pregrado\/romina-zamorano\/#breadcrumb\",\"itemListElement\":[{\"@type\":\"ListItem\",\"position\":1,\"name\":\"Portada\",\"item\":\"https:\/\/nucleodisca.cl\/\"},{\"@type\":\"ListItem\",\"position\":2,\"name\":\"Qui\u00e9nes somos\",\"item\":\"https:\/\/nucleodisca.cl\/quienes-somos\/\"},{\"@type\":\"ListItem\",\"position\":3,\"name\":\"Estudiantes\",\"item\":\"https:\/\/nucleodisca.cl\/quienes-somos\/estudiantes\/\"},{\"@type\":\"ListItem\",\"position\":4,\"name\":\"Estudiantes pregrado\",\"item\":\"https:\/\/nucleodisca.cl\/quienes-somos\/estudiantes\/pregrado\/\"},{\"@type\":\"ListItem\",\"position\":5,\"name\":\"Romina Zamorano\"}]},{\"@type\":\"WebSite\",\"@id\":\"https:\/\/nucleodisca.cl\/#website\",\"url\":\"https:\/\/nucleodisca.cl\/\",\"name\":\"N\u00facleo Disca\",\"description\":\"Disability and citizenship\",\"publisher\":{\"@id\":\"https:\/\/nucleodisca.cl\/#organization\"},\"potentialAction\":[{\"@type\":\"SearchAction\",\"target\":{\"@type\":\"EntryPoint\",\"urlTemplate\":\"https:\/\/nucleodisca.cl\/?s={search_term_string}\"},\"query-input\":{\"@type\":\"PropertyValueSpecification\",\"valueRequired\":true,\"valueName\":\"search_term_string\"}}],\"inLanguage\":\"en-US\"},{\"@type\":\"Organization\",\"@id\":\"https:\/\/nucleodisca.cl\/#organization\",\"name\":\"N\u00facleo Milenio Disca\",\"url\":\"https:\/\/nucleodisca.cl\/\",\"logo\":{\"@type\":\"ImageObject\",\"inLanguage\":\"en-US\",\"@id\":\"https:\/\/nucleodisca.cl\/#\/schema\/logo\/image\/\",\"url\":\"https:\/\/nucleodisca.cl\/cms\/wp-content\/uploads\/2023\/10\/DISCA-2-NEGRO-COLOR-A.png\",\"contentUrl\":\"https:\/\/nucleodisca.cl\/cms\/wp-content\/uploads\/2023\/10\/DISCA-2-NEGRO-COLOR-A.png\",\"width\":3319,\"height\":1759,\"caption\":\"N\u00facleo Milenio Disca\"},\"image\":{\"@id\":\"https:\/\/nucleodisca.cl\/#\/schema\/logo\/image\/\"},\"sameAs\":[\"https:\/\/www.facebook.com\/nucleodisca\",\"https:\/\/x.com\/NucleoDISCA\",\"https:\/\/www.instagram.com\/nucleodisca\/\",\"https:\/\/www.linkedin.com\/in\/andreaocampocea\/\"]}]}<\/script>\n<!-- \/ Yoast SEO plugin. -->","yoast_head_json":{"title":"Romina Zamorano - N\u00facleo Disca","robots":{"index":"index","follow":"follow","max-snippet":"max-snippet:-1","max-image-preview":"max-image-preview:large","max-video-preview":"max-video-preview:-1"},"canonical":"https:\/\/nucleodisca.cl\/quienes-somos\/estudiantes\/pregrado\/romina-zamorano\/","og_locale":"en_US","og_type":"article","og_title":"Romina Zamorano - N\u00facleo Disca","og_description":"Degree in Sociology from the Diego Portales University. In 2025, he joined the N\u00facleo Milenio Disca, after developing his undergraduate thesis on one of the lines: sexuality and reproduction of the N\u00facleo. His research entitled Transition to Adulthood for Young People with Disabilities: &#8220;Challenges of Being an Adult.&#8221; This study examines the challenges faced by [&hellip;]","og_url":"https:\/\/nucleodisca.cl\/quienes-somos\/estudiantes\/pregrado\/romina-zamorano\/","og_site_name":"N\u00facleo Disca","article_publisher":"https:\/\/www.facebook.com\/nucleodisca","article_modified_time":"2026-04-15T20:35:47+00:00","og_image":[{"width":1200,"height":1200,"url":"https:\/\/nucleodisca.cl\/cms\/wp-content\/uploads\/2025\/06\/1743455478570-ROMINA-SOL-ZAMORANO-REYES-e1751382129673.jpg","type":"image\/jpeg"}],"twitter_card":"summary_large_image","twitter_site":"@NucleoDISCA","twitter_misc":{"Est. reading time":"1 minute"},"schema":{"@context":"https:\/\/schema.org","@graph":[{"@type":"WebPage","@id":"https:\/\/nucleodisca.cl\/quienes-somos\/estudiantes\/pregrado\/romina-zamorano\/","url":"https:\/\/nucleodisca.cl\/quienes-somos\/estudiantes\/pregrado\/romina-zamorano\/","name":"Romina Zamorano - N\u00facleo Disca","isPartOf":{"@id":"https:\/\/nucleodisca.cl\/#website"},"primaryImageOfPage":{"@id":"https:\/\/nucleodisca.cl\/quienes-somos\/estudiantes\/pregrado\/romina-zamorano\/#primaryimage"},"image":{"@id":"https:\/\/nucleodisca.cl\/quienes-somos\/estudiantes\/pregrado\/romina-zamorano\/#primaryimage"},"thumbnailUrl":"https:\/\/nucleodisca.cl\/cms\/wp-content\/uploads\/2025\/06\/1743455478570-ROMINA-SOL-ZAMORANO-REYES-e1751382129673.jpg","datePublished":"2025-06-26T21:28:01+00:00","dateModified":"2026-04-15T20:35:47+00:00","breadcrumb":{"@id":"https:\/\/nucleodisca.cl\/quienes-somos\/estudiantes\/pregrado\/romina-zamorano\/#breadcrumb"},"inLanguage":"en-US","potentialAction":[{"@type":"ReadAction","target":["https:\/\/nucleodisca.cl\/quienes-somos\/estudiantes\/pregrado\/romina-zamorano\/"]}]},{"@type":"ImageObject","inLanguage":"en-US","@id":"https:\/\/nucleodisca.cl\/quienes-somos\/estudiantes\/pregrado\/romina-zamorano\/#primaryimage","url":"https:\/\/nucleodisca.cl\/cms\/wp-content\/uploads\/2025\/06\/1743455478570-ROMINA-SOL-ZAMORANO-REYES-e1751382129673.jpg","contentUrl":"https:\/\/nucleodisca.cl\/cms\/wp-content\/uploads\/2025\/06\/1743455478570-ROMINA-SOL-ZAMORANO-REYES-e1751382129673.jpg","width":1200,"height":1200},{"@type":"BreadcrumbList","@id":"https:\/\/nucleodisca.cl\/quienes-somos\/estudiantes\/pregrado\/romina-zamorano\/#breadcrumb","itemListElement":[{"@type":"ListItem","position":1,"name":"Portada","item":"https:\/\/nucleodisca.cl\/"},{"@type":"ListItem","position":2,"name":"Qui\u00e9nes somos","item":"https:\/\/nucleodisca.cl\/quienes-somos\/"},{"@type":"ListItem","position":3,"name":"Estudiantes","item":"https:\/\/nucleodisca.cl\/quienes-somos\/estudiantes\/"},{"@type":"ListItem","position":4,"name":"Estudiantes pregrado","item":"https:\/\/nucleodisca.cl\/quienes-somos\/estudiantes\/pregrado\/"},{"@type":"ListItem","position":5,"name":"Romina Zamorano"}]},{"@type":"WebSite","@id":"https:\/\/nucleodisca.cl\/#website","url":"https:\/\/nucleodisca.cl\/","name":"N\u00facleo Disca","description":"Disability and citizenship","publisher":{"@id":"https:\/\/nucleodisca.cl\/#organization"},"potentialAction":[{"@type":"SearchAction","target":{"@type":"EntryPoint","urlTemplate":"https:\/\/nucleodisca.cl\/?s={search_term_string}"},"query-input":{"@type":"PropertyValueSpecification","valueRequired":true,"valueName":"search_term_string"}}],"inLanguage":"en-US"},{"@type":"Organization","@id":"https:\/\/nucleodisca.cl\/#organization","name":"N\u00facleo Milenio Disca","url":"https:\/\/nucleodisca.cl\/","logo":{"@type":"ImageObject","inLanguage":"en-US","@id":"https:\/\/nucleodisca.cl\/#\/schema\/logo\/image\/","url":"https:\/\/nucleodisca.cl\/cms\/wp-content\/uploads\/2023\/10\/DISCA-2-NEGRO-COLOR-A.png","contentUrl":"https:\/\/nucleodisca.cl\/cms\/wp-content\/uploads\/2023\/10\/DISCA-2-NEGRO-COLOR-A.png","width":3319,"height":1759,"caption":"N\u00facleo Milenio Disca"},"image":{"@id":"https:\/\/nucleodisca.cl\/#\/schema\/logo\/image\/"},"sameAs":["https:\/\/www.facebook.com\/nucleodisca","https:\/\/x.com\/NucleoDISCA","https:\/\/www.instagram.com\/nucleodisca\/","https:\/\/www.linkedin.com\/in\/andreaocampocea\/"]}]}},"_links":{"self":[{"href":"https:\/\/nucleodisca.cl\/en\/wp-json\/wp\/v2\/pages\/1437","targetHints":{"allow":["GET"]}}],"collection":[{"href":"https:\/\/nucleodisca.cl\/en\/wp-json\/wp\/v2\/pages"}],"about":[{"href":"https:\/\/nucleodisca.cl\/en\/wp-json\/wp\/v2\/types\/page"}],"author":[{"embeddable":true,"href":"https:\/\/nucleodisca.cl\/en\/wp-json\/wp\/v2\/users\/5"}],"replies":[{"embeddable":true,"href":"https:\/\/nucleodisca.cl\/en\/wp-json\/wp\/v2\/comments?post=1437"}],"version-history":[{"count":5,"href":"https:\/\/nucleodisca.cl\/en\/wp-json\/wp\/v2\/pages\/1437\/revisions"}],"predecessor-version":[{"id":2192,"href":"https:\/\/nucleodisca.cl\/en\/wp-json\/wp\/v2\/pages\/1437\/revisions\/2192"}],"up":[{"embeddable":true,"href":"https:\/\/nucleodisca.cl\/en\/wp-json\/wp\/v2\/pages\/614"}],"wp:featuredmedia":[{"embeddable":true,"href":"https:\/\/nucleodisca.cl\/en\/wp-json\/wp\/v2\/media\/1446"}],"wp:attachment":[{"href":"https:\/\/nucleodisca.cl\/en\/wp-json\/wp\/v2\/media?parent=1437"}],"curies":[{"name":"wp","href":"https:\/\/api.w.org\/{rel}","templated":true}]}}