{"id":2185,"date":"2026-04-15T16:28:49","date_gmt":"2026-04-15T20:28:49","guid":{"rendered":"https:\/\/nucleodisca.cl\/?page_id=2185"},"modified":"2026-04-15T16:28:49","modified_gmt":"2026-04-15T20:28:49","slug":"maria-jose-silva","status":"publish","type":"page","link":"https:\/\/nucleodisca.cl\/en\/quienes-somos\/estudiantes\/doctorado\/maria-jose-silva\/","title":{"rendered":"Mar\u00eda Jos\u00e9 Silva"},"content":{"rendered":"<p><\/p>\n<p data-path-to-node=\"1\"><b data-path-to-node=\"1\" data-index-in-node=\"0\">Mar\u00eda Jos\u00e9 Silva Arriagada<\/b> is an attorney and a PhD student in the Law program (specializing in Constitutionalism and Law) at the Universidad Austral de Chile. She is a fellow of the National Research and Development Agency (<b data-path-to-node=\"1\" data-index-in-node=\"225\">ANID<\/b>), conducting doctoral research on judicial stereotypes toward people with disabilities in Chile.<\/p>\n<p data-path-to-node=\"2\">She has served as a teaching assistant in the Faculty of Legal and Social Sciences at the Universidad Austral de Chile, and since 2025, she has worked as a part-time professor at the Institute of Public Law, where she participates in teaching and research activities in the fields of public law and human rights.<\/p>\n<p><\/p>","protected":false},"excerpt":{"rendered":"<p>Mar\u00eda Jos\u00e9 Silva Arriagada is an attorney and a PhD student in the Law program (specializing in Constitutionalism and Law) at the Universidad Austral de Chile. She is a fellow of the National Research and Development Agency (ANID), conducting doctoral research on judicial stereotypes toward people with disabilities in Chile. She has served as a [&hellip;]<\/p>\n","protected":false},"author":5,"featured_media":2186,"parent":611,"menu_order":0,"comment_status":"closed","ping_status":"closed","template":"","meta":{"_acf_changed":false,"footnotes":""},"class_list":["post-2185","page","type-page","status-publish","has-post-thumbnail","hentry"],"acf":[],"yoast_head":"<!-- This site is optimized with the Yoast SEO plugin v25.6 - https:\/\/yoast.com\/wordpress\/plugins\/seo\/ -->\n<title>Mar\u00eda Jos\u00e9 Silva - N\u00facleo Disca<\/title>\n<meta name=\"robots\" content=\"index, follow, max-snippet:-1, max-image-preview:large, max-video-preview:-1\" \/>\n<link rel=\"canonical\" href=\"https:\/\/nucleodisca.cl\/quienes-somos\/estudiantes\/doctorado\/maria-jose-silva\/\" \/>\n<meta property=\"og:locale\" content=\"en_US\" \/>\n<meta property=\"og:type\" content=\"article\" \/>\n<meta property=\"og:title\" content=\"Mar\u00eda Jos\u00e9 Silva - N\u00facleo Disca\" \/>\n<meta property=\"og:description\" content=\"Mar\u00eda Jos\u00e9 Silva Arriagada is an attorney and a PhD student in the Law program (specializing in Constitutionalism and Law) at the Universidad Austral de Chile. She is a fellow of the National Research and Development Agency (ANID), conducting doctoral research on judicial stereotypes toward people with disabilities in Chile. She has served as a [&hellip;]\" \/>\n<meta property=\"og:url\" content=\"https:\/\/nucleodisca.cl\/quienes-somos\/estudiantes\/doctorado\/maria-jose-silva\/\" \/>\n<meta property=\"og:site_name\" content=\"N\u00facleo Disca\" \/>\n<meta property=\"article:publisher\" content=\"https:\/\/www.facebook.com\/nucleodisca\" \/>\n<meta property=\"og:image\" content=\"https:\/\/nucleodisca.cl\/cms\/wp-content\/uploads\/2026\/04\/fotografia-MJ-SILVA-e1776284908384.png\" \/>\n\t<meta property=\"og:image:width\" content=\"1024\" \/>\n\t<meta property=\"og:image:height\" content=\"1172\" \/>\n\t<meta property=\"og:image:type\" content=\"image\/png\" \/>\n<meta name=\"twitter:card\" content=\"summary_large_image\" \/>\n<meta name=\"twitter:site\" content=\"@NucleoDISCA\" \/>\n<meta name=\"twitter:label1\" content=\"Est. reading time\" \/>\n\t<meta name=\"twitter:data1\" content=\"1 minute\" \/>\n<script type=\"application\/ld+json\" class=\"yoast-schema-graph\">{\"@context\":\"https:\/\/schema.org\",\"@graph\":[{\"@type\":\"WebPage\",\"@id\":\"https:\/\/nucleodisca.cl\/quienes-somos\/estudiantes\/doctorado\/maria-jose-silva\/\",\"url\":\"https:\/\/nucleodisca.cl\/quienes-somos\/estudiantes\/doctorado\/maria-jose-silva\/\",\"name\":\"Mar\u00eda Jos\u00e9 Silva - N\u00facleo Disca\",\"isPartOf\":{\"@id\":\"https:\/\/nucleodisca.cl\/#website\"},\"primaryImageOfPage\":{\"@id\":\"https:\/\/nucleodisca.cl\/quienes-somos\/estudiantes\/doctorado\/maria-jose-silva\/#primaryimage\"},\"image\":{\"@id\":\"https:\/\/nucleodisca.cl\/quienes-somos\/estudiantes\/doctorado\/maria-jose-silva\/#primaryimage\"},\"thumbnailUrl\":\"https:\/\/nucleodisca.cl\/cms\/wp-content\/uploads\/2026\/04\/fotografia-MJ-SILVA-e1776284908384.png\",\"datePublished\":\"2026-04-15T20:28:49+00:00\",\"breadcrumb\":{\"@id\":\"https:\/\/nucleodisca.cl\/quienes-somos\/estudiantes\/doctorado\/maria-jose-silva\/#breadcrumb\"},\"inLanguage\":\"en-US\",\"potentialAction\":[{\"@type\":\"ReadAction\",\"target\":[\"https:\/\/nucleodisca.cl\/quienes-somos\/estudiantes\/doctorado\/maria-jose-silva\/\"]}]},{\"@type\":\"ImageObject\",\"inLanguage\":\"en-US\",\"@id\":\"https:\/\/nucleodisca.cl\/quienes-somos\/estudiantes\/doctorado\/maria-jose-silva\/#primaryimage\",\"url\":\"https:\/\/nucleodisca.cl\/cms\/wp-content\/uploads\/2026\/04\/fotografia-MJ-SILVA-e1776284908384.png\",\"contentUrl\":\"https:\/\/nucleodisca.cl\/cms\/wp-content\/uploads\/2026\/04\/fotografia-MJ-SILVA-e1776284908384.png\",\"width\":1024,\"height\":1172,\"caption\":\"Fotograf\u00eda Mar\u00eda Jos\u00e9 Silva\"},{\"@type\":\"BreadcrumbList\",\"@id\":\"https:\/\/nucleodisca.cl\/quienes-somos\/estudiantes\/doctorado\/maria-jose-silva\/#breadcrumb\",\"itemListElement\":[{\"@type\":\"ListItem\",\"position\":1,\"name\":\"Portada\",\"item\":\"https:\/\/nucleodisca.cl\/\"},{\"@type\":\"ListItem\",\"position\":2,\"name\":\"Qui\u00e9nes somos\",\"item\":\"https:\/\/nucleodisca.cl\/quienes-somos\/\"},{\"@type\":\"ListItem\",\"position\":3,\"name\":\"Estudiantes\",\"item\":\"https:\/\/nucleodisca.cl\/quienes-somos\/estudiantes\/\"},{\"@type\":\"ListItem\",\"position\":4,\"name\":\"Doctorado\",\"item\":\"https:\/\/nucleodisca.cl\/quienes-somos\/estudiantes\/doctorado\/\"},{\"@type\":\"ListItem\",\"position\":5,\"name\":\"Mar\u00eda Jos\u00e9 Silva\"}]},{\"@type\":\"WebSite\",\"@id\":\"https:\/\/nucleodisca.cl\/#website\",\"url\":\"https:\/\/nucleodisca.cl\/\",\"name\":\"N\u00facleo Disca\",\"description\":\"Disability and citizenship\",\"publisher\":{\"@id\":\"https:\/\/nucleodisca.cl\/#organization\"},\"potentialAction\":[{\"@type\":\"SearchAction\",\"target\":{\"@type\":\"EntryPoint\",\"urlTemplate\":\"https:\/\/nucleodisca.cl\/?s={search_term_string}\"},\"query-input\":{\"@type\":\"PropertyValueSpecification\",\"valueRequired\":true,\"valueName\":\"search_term_string\"}}],\"inLanguage\":\"en-US\"},{\"@type\":\"Organization\",\"@id\":\"https:\/\/nucleodisca.cl\/#organization\",\"name\":\"N\u00facleo Milenio Disca\",\"url\":\"https:\/\/nucleodisca.cl\/\",\"logo\":{\"@type\":\"ImageObject\",\"inLanguage\":\"en-US\",\"@id\":\"https:\/\/nucleodisca.cl\/#\/schema\/logo\/image\/\",\"url\":\"https:\/\/nucleodisca.cl\/cms\/wp-content\/uploads\/2023\/10\/DISCA-2-NEGRO-COLOR-A.png\",\"contentUrl\":\"https:\/\/nucleodisca.cl\/cms\/wp-content\/uploads\/2023\/10\/DISCA-2-NEGRO-COLOR-A.png\",\"width\":3319,\"height\":1759,\"caption\":\"N\u00facleo Milenio Disca\"},\"image\":{\"@id\":\"https:\/\/nucleodisca.cl\/#\/schema\/logo\/image\/\"},\"sameAs\":[\"https:\/\/www.facebook.com\/nucleodisca\",\"https:\/\/x.com\/NucleoDISCA\",\"https:\/\/www.instagram.com\/nucleodisca\/\",\"https:\/\/www.linkedin.com\/in\/andreaocampocea\/\"]}]}<\/script>\n<!-- \/ Yoast SEO plugin. -->","yoast_head_json":{"title":"Mar\u00eda Jos\u00e9 Silva - N\u00facleo Disca","robots":{"index":"index","follow":"follow","max-snippet":"max-snippet:-1","max-image-preview":"max-image-preview:large","max-video-preview":"max-video-preview:-1"},"canonical":"https:\/\/nucleodisca.cl\/quienes-somos\/estudiantes\/doctorado\/maria-jose-silva\/","og_locale":"en_US","og_type":"article","og_title":"Mar\u00eda Jos\u00e9 Silva - N\u00facleo Disca","og_description":"Mar\u00eda Jos\u00e9 Silva Arriagada is an attorney and a PhD student in the Law program (specializing in Constitutionalism and Law) at the Universidad Austral de Chile. She is a fellow of the National Research and Development Agency (ANID), conducting doctoral research on judicial stereotypes toward people with disabilities in Chile. She has served as a [&hellip;]","og_url":"https:\/\/nucleodisca.cl\/quienes-somos\/estudiantes\/doctorado\/maria-jose-silva\/","og_site_name":"N\u00facleo Disca","article_publisher":"https:\/\/www.facebook.com\/nucleodisca","og_image":[{"width":1024,"height":1172,"url":"https:\/\/nucleodisca.cl\/cms\/wp-content\/uploads\/2026\/04\/fotografia-MJ-SILVA-e1776284908384.png","type":"image\/png"}],"twitter_card":"summary_large_image","twitter_site":"@NucleoDISCA","twitter_misc":{"Est. reading time":"1 minute"},"schema":{"@context":"https:\/\/schema.org","@graph":[{"@type":"WebPage","@id":"https:\/\/nucleodisca.cl\/quienes-somos\/estudiantes\/doctorado\/maria-jose-silva\/","url":"https:\/\/nucleodisca.cl\/quienes-somos\/estudiantes\/doctorado\/maria-jose-silva\/","name":"Mar\u00eda Jos\u00e9 Silva - N\u00facleo Disca","isPartOf":{"@id":"https:\/\/nucleodisca.cl\/#website"},"primaryImageOfPage":{"@id":"https:\/\/nucleodisca.cl\/quienes-somos\/estudiantes\/doctorado\/maria-jose-silva\/#primaryimage"},"image":{"@id":"https:\/\/nucleodisca.cl\/quienes-somos\/estudiantes\/doctorado\/maria-jose-silva\/#primaryimage"},"thumbnailUrl":"https:\/\/nucleodisca.cl\/cms\/wp-content\/uploads\/2026\/04\/fotografia-MJ-SILVA-e1776284908384.png","datePublished":"2026-04-15T20:28:49+00:00","breadcrumb":{"@id":"https:\/\/nucleodisca.cl\/quienes-somos\/estudiantes\/doctorado\/maria-jose-silva\/#breadcrumb"},"inLanguage":"en-US","potentialAction":[{"@type":"ReadAction","target":["https:\/\/nucleodisca.cl\/quienes-somos\/estudiantes\/doctorado\/maria-jose-silva\/"]}]},{"@type":"ImageObject","inLanguage":"en-US","@id":"https:\/\/nucleodisca.cl\/quienes-somos\/estudiantes\/doctorado\/maria-jose-silva\/#primaryimage","url":"https:\/\/nucleodisca.cl\/cms\/wp-content\/uploads\/2026\/04\/fotografia-MJ-SILVA-e1776284908384.png","contentUrl":"https:\/\/nucleodisca.cl\/cms\/wp-content\/uploads\/2026\/04\/fotografia-MJ-SILVA-e1776284908384.png","width":1024,"height":1172,"caption":"Fotograf\u00eda Mar\u00eda Jos\u00e9 Silva"},{"@type":"BreadcrumbList","@id":"https:\/\/nucleodisca.cl\/quienes-somos\/estudiantes\/doctorado\/maria-jose-silva\/#breadcrumb","itemListElement":[{"@type":"ListItem","position":1,"name":"Portada","item":"https:\/\/nucleodisca.cl\/"},{"@type":"ListItem","position":2,"name":"Qui\u00e9nes somos","item":"https:\/\/nucleodisca.cl\/quienes-somos\/"},{"@type":"ListItem","position":3,"name":"Estudiantes","item":"https:\/\/nucleodisca.cl\/quienes-somos\/estudiantes\/"},{"@type":"ListItem","position":4,"name":"Doctorado","item":"https:\/\/nucleodisca.cl\/quienes-somos\/estudiantes\/doctorado\/"},{"@type":"ListItem","position":5,"name":"Mar\u00eda Jos\u00e9 Silva"}]},{"@type":"WebSite","@id":"https:\/\/nucleodisca.cl\/#website","url":"https:\/\/nucleodisca.cl\/","name":"N\u00facleo Disca","description":"Disability and citizenship","publisher":{"@id":"https:\/\/nucleodisca.cl\/#organization"},"potentialAction":[{"@type":"SearchAction","target":{"@type":"EntryPoint","urlTemplate":"https:\/\/nucleodisca.cl\/?s={search_term_string}"},"query-input":{"@type":"PropertyValueSpecification","valueRequired":true,"valueName":"search_term_string"}}],"inLanguage":"en-US"},{"@type":"Organization","@id":"https:\/\/nucleodisca.cl\/#organization","name":"N\u00facleo Milenio Disca","url":"https:\/\/nucleodisca.cl\/","logo":{"@type":"ImageObject","inLanguage":"en-US","@id":"https:\/\/nucleodisca.cl\/#\/schema\/logo\/image\/","url":"https:\/\/nucleodisca.cl\/cms\/wp-content\/uploads\/2023\/10\/DISCA-2-NEGRO-COLOR-A.png","contentUrl":"https:\/\/nucleodisca.cl\/cms\/wp-content\/uploads\/2023\/10\/DISCA-2-NEGRO-COLOR-A.png","width":3319,"height":1759,"caption":"N\u00facleo Milenio Disca"},"image":{"@id":"https:\/\/nucleodisca.cl\/#\/schema\/logo\/image\/"},"sameAs":["https:\/\/www.facebook.com\/nucleodisca","https:\/\/x.com\/NucleoDISCA","https:\/\/www.instagram.com\/nucleodisca\/","https:\/\/www.linkedin.com\/in\/andreaocampocea\/"]}]}},"_links":{"self":[{"href":"https:\/\/nucleodisca.cl\/en\/wp-json\/wp\/v2\/pages\/2185","targetHints":{"allow":["GET"]}}],"collection":[{"href":"https:\/\/nucleodisca.cl\/en\/wp-json\/wp\/v2\/pages"}],"about":[{"href":"https:\/\/nucleodisca.cl\/en\/wp-json\/wp\/v2\/types\/page"}],"author":[{"embeddable":true,"href":"https:\/\/nucleodisca.cl\/en\/wp-json\/wp\/v2\/users\/5"}],"replies":[{"embeddable":true,"href":"https:\/\/nucleodisca.cl\/en\/wp-json\/wp\/v2\/comments?post=2185"}],"version-history":[{"count":1,"href":"https:\/\/nucleodisca.cl\/en\/wp-json\/wp\/v2\/pages\/2185\/revisions"}],"predecessor-version":[{"id":2187,"href":"https:\/\/nucleodisca.cl\/en\/wp-json\/wp\/v2\/pages\/2185\/revisions\/2187"}],"up":[{"embeddable":true,"href":"https:\/\/nucleodisca.cl\/en\/wp-json\/wp\/v2\/pages\/611"}],"wp:featuredmedia":[{"embeddable":true,"href":"https:\/\/nucleodisca.cl\/en\/wp-json\/wp\/v2\/media\/2186"}],"wp:attachment":[{"href":"https:\/\/nucleodisca.cl\/en\/wp-json\/wp\/v2\/media?parent=2185"}],"curies":[{"name":"wp","href":"https:\/\/api.w.org\/{rel}","templated":true}]}}