{"id":2224,"date":"2026-04-29T15:22:42","date_gmt":"2026-04-29T19:22:42","guid":{"rendered":"https:\/\/nucleodisca.cl\/?page_id=2224"},"modified":"2026-04-29T15:22:42","modified_gmt":"2026-04-29T19:22:42","slug":"catalina-zarate","status":"publish","type":"page","link":"https:\/\/nucleodisca.cl\/en\/quienes-somos\/colaboradores\/catalina-zarate\/","title":{"rendered":"Catalina Z\u00e1rate"},"content":{"rendered":"<p>Catalina Z\u00e1rate Tapia, sociologist from the Universidad Diego Portales, with a Minor in Social Sciences. She has a background in research, consulting, and education, where she has worked in areas of social research, project management, and administrative coordination. Her primary lines of work focus on gender, public policy, and disability. She has collaborated with the Millennium Nucleus DISCA and currently serves as a research assistant.<\/p>","protected":false},"excerpt":{"rendered":"<p>Catalina Z\u00e1rate Tapia, sociologist from the Universidad Diego Portales, with a Minor in Social Sciences. She has a background in research, consulting, and education, where she has worked in areas of social research, project management, and administrative coordination. Her primary lines of work focus on gender, public policy, and disability. She has collaborated with the [&hellip;]<\/p>\n","protected":false},"author":5,"featured_media":2225,"parent":1115,"menu_order":0,"comment_status":"closed","ping_status":"closed","template":"","meta":{"_acf_changed":false,"footnotes":""},"class_list":["post-2224","page","type-page","status-publish","has-post-thumbnail","hentry"],"acf":[],"yoast_head":"<!-- This site is optimized with the Yoast SEO plugin v25.6 - https:\/\/yoast.com\/wordpress\/plugins\/seo\/ -->\n<title>Catalina Z\u00e1rate - N\u00facleo Disca<\/title>\n<meta name=\"robots\" content=\"index, follow, max-snippet:-1, max-image-preview:large, max-video-preview:-1\" \/>\n<link rel=\"canonical\" href=\"https:\/\/nucleodisca.cl\/quienes-somos\/colaboradores\/catalina-zarate\/\" \/>\n<meta property=\"og:locale\" content=\"en_US\" \/>\n<meta property=\"og:type\" content=\"article\" \/>\n<meta property=\"og:title\" content=\"Catalina Z\u00e1rate - N\u00facleo Disca\" \/>\n<meta property=\"og:description\" content=\"Catalina Z\u00e1rate Tapia, sociologist from the Universidad Diego Portales, with a Minor in Social Sciences. She has a background in research, consulting, and education, where she has worked in areas of social research, project management, and administrative coordination. Her primary lines of work focus on gender, public policy, and disability. She has collaborated with the [&hellip;]\" \/>\n<meta property=\"og:url\" content=\"https:\/\/nucleodisca.cl\/quienes-somos\/colaboradores\/catalina-zarate\/\" \/>\n<meta property=\"og:site_name\" content=\"N\u00facleo Disca\" \/>\n<meta property=\"article:publisher\" content=\"https:\/\/www.facebook.com\/nucleodisca\" \/>\n<meta property=\"og:image\" content=\"https:\/\/nucleodisca.cl\/cms\/wp-content\/uploads\/2026\/04\/PSX_20250522_004427-Catalina-Zarate.jpg\" \/>\n\t<meta property=\"og:image:width\" content=\"1200\" \/>\n\t<meta property=\"og:image:height\" content=\"1516\" \/>\n\t<meta property=\"og:image:type\" content=\"image\/jpeg\" \/>\n<meta name=\"twitter:card\" content=\"summary_large_image\" \/>\n<meta name=\"twitter:site\" content=\"@NucleoDISCA\" \/>\n<meta name=\"twitter:label1\" content=\"Est. reading time\" \/>\n\t<meta name=\"twitter:data1\" content=\"1 minute\" \/>\n<script type=\"application\/ld+json\" class=\"yoast-schema-graph\">{\"@context\":\"https:\/\/schema.org\",\"@graph\":[{\"@type\":\"WebPage\",\"@id\":\"https:\/\/nucleodisca.cl\/quienes-somos\/colaboradores\/catalina-zarate\/\",\"url\":\"https:\/\/nucleodisca.cl\/quienes-somos\/colaboradores\/catalina-zarate\/\",\"name\":\"Catalina Z\u00e1rate - N\u00facleo Disca\",\"isPartOf\":{\"@id\":\"https:\/\/nucleodisca.cl\/#website\"},\"primaryImageOfPage\":{\"@id\":\"https:\/\/nucleodisca.cl\/quienes-somos\/colaboradores\/catalina-zarate\/#primaryimage\"},\"image\":{\"@id\":\"https:\/\/nucleodisca.cl\/quienes-somos\/colaboradores\/catalina-zarate\/#primaryimage\"},\"thumbnailUrl\":\"https:\/\/nucleodisca.cl\/cms\/wp-content\/uploads\/2026\/04\/PSX_20250522_004427-Catalina-Zarate.jpg\",\"datePublished\":\"2026-04-29T19:22:42+00:00\",\"breadcrumb\":{\"@id\":\"https:\/\/nucleodisca.cl\/quienes-somos\/colaboradores\/catalina-zarate\/#breadcrumb\"},\"inLanguage\":\"en-US\",\"potentialAction\":[{\"@type\":\"ReadAction\",\"target\":[\"https:\/\/nucleodisca.cl\/quienes-somos\/colaboradores\/catalina-zarate\/\"]}]},{\"@type\":\"ImageObject\",\"inLanguage\":\"en-US\",\"@id\":\"https:\/\/nucleodisca.cl\/quienes-somos\/colaboradores\/catalina-zarate\/#primaryimage\",\"url\":\"https:\/\/nucleodisca.cl\/cms\/wp-content\/uploads\/2026\/04\/PSX_20250522_004427-Catalina-Zarate.jpg\",\"contentUrl\":\"https:\/\/nucleodisca.cl\/cms\/wp-content\/uploads\/2026\/04\/PSX_20250522_004427-Catalina-Zarate.jpg\",\"width\":1200,\"height\":1516,\"caption\":\"Fotograf\u00eda Catalina Z\u00e1rate\"},{\"@type\":\"BreadcrumbList\",\"@id\":\"https:\/\/nucleodisca.cl\/quienes-somos\/colaboradores\/catalina-zarate\/#breadcrumb\",\"itemListElement\":[{\"@type\":\"ListItem\",\"position\":1,\"name\":\"Portada\",\"item\":\"https:\/\/nucleodisca.cl\/\"},{\"@type\":\"ListItem\",\"position\":2,\"name\":\"Qui\u00e9nes somos\",\"item\":\"https:\/\/nucleodisca.cl\/quienes-somos\/\"},{\"@type\":\"ListItem\",\"position\":3,\"name\":\"Colaboradores\",\"item\":\"https:\/\/nucleodisca.cl\/quienes-somos\/colaboradores\/\"},{\"@type\":\"ListItem\",\"position\":4,\"name\":\"Catalina Z\u00e1rate\"}]},{\"@type\":\"WebSite\",\"@id\":\"https:\/\/nucleodisca.cl\/#website\",\"url\":\"https:\/\/nucleodisca.cl\/\",\"name\":\"N\u00facleo Disca\",\"description\":\"Disability and citizenship\",\"publisher\":{\"@id\":\"https:\/\/nucleodisca.cl\/#organization\"},\"potentialAction\":[{\"@type\":\"SearchAction\",\"target\":{\"@type\":\"EntryPoint\",\"urlTemplate\":\"https:\/\/nucleodisca.cl\/?s={search_term_string}\"},\"query-input\":{\"@type\":\"PropertyValueSpecification\",\"valueRequired\":true,\"valueName\":\"search_term_string\"}}],\"inLanguage\":\"en-US\"},{\"@type\":\"Organization\",\"@id\":\"https:\/\/nucleodisca.cl\/#organization\",\"name\":\"N\u00facleo Milenio Disca\",\"url\":\"https:\/\/nucleodisca.cl\/\",\"logo\":{\"@type\":\"ImageObject\",\"inLanguage\":\"en-US\",\"@id\":\"https:\/\/nucleodisca.cl\/#\/schema\/logo\/image\/\",\"url\":\"https:\/\/nucleodisca.cl\/cms\/wp-content\/uploads\/2023\/10\/DISCA-2-NEGRO-COLOR-A.png\",\"contentUrl\":\"https:\/\/nucleodisca.cl\/cms\/wp-content\/uploads\/2023\/10\/DISCA-2-NEGRO-COLOR-A.png\",\"width\":3319,\"height\":1759,\"caption\":\"N\u00facleo Milenio Disca\"},\"image\":{\"@id\":\"https:\/\/nucleodisca.cl\/#\/schema\/logo\/image\/\"},\"sameAs\":[\"https:\/\/www.facebook.com\/nucleodisca\",\"https:\/\/x.com\/NucleoDISCA\",\"https:\/\/www.instagram.com\/nucleodisca\/\",\"https:\/\/www.linkedin.com\/in\/andreaocampocea\/\"]}]}<\/script>\n<!-- \/ Yoast SEO plugin. -->","yoast_head_json":{"title":"Catalina Z\u00e1rate - N\u00facleo Disca","robots":{"index":"index","follow":"follow","max-snippet":"max-snippet:-1","max-image-preview":"max-image-preview:large","max-video-preview":"max-video-preview:-1"},"canonical":"https:\/\/nucleodisca.cl\/quienes-somos\/colaboradores\/catalina-zarate\/","og_locale":"en_US","og_type":"article","og_title":"Catalina Z\u00e1rate - N\u00facleo Disca","og_description":"Catalina Z\u00e1rate Tapia, sociologist from the Universidad Diego Portales, with a Minor in Social Sciences. She has a background in research, consulting, and education, where she has worked in areas of social research, project management, and administrative coordination. Her primary lines of work focus on gender, public policy, and disability. She has collaborated with the [&hellip;]","og_url":"https:\/\/nucleodisca.cl\/quienes-somos\/colaboradores\/catalina-zarate\/","og_site_name":"N\u00facleo Disca","article_publisher":"https:\/\/www.facebook.com\/nucleodisca","og_image":[{"width":1200,"height":1516,"url":"https:\/\/nucleodisca.cl\/cms\/wp-content\/uploads\/2026\/04\/PSX_20250522_004427-Catalina-Zarate.jpg","type":"image\/jpeg"}],"twitter_card":"summary_large_image","twitter_site":"@NucleoDISCA","twitter_misc":{"Est. reading time":"1 minute"},"schema":{"@context":"https:\/\/schema.org","@graph":[{"@type":"WebPage","@id":"https:\/\/nucleodisca.cl\/quienes-somos\/colaboradores\/catalina-zarate\/","url":"https:\/\/nucleodisca.cl\/quienes-somos\/colaboradores\/catalina-zarate\/","name":"Catalina Z\u00e1rate - N\u00facleo Disca","isPartOf":{"@id":"https:\/\/nucleodisca.cl\/#website"},"primaryImageOfPage":{"@id":"https:\/\/nucleodisca.cl\/quienes-somos\/colaboradores\/catalina-zarate\/#primaryimage"},"image":{"@id":"https:\/\/nucleodisca.cl\/quienes-somos\/colaboradores\/catalina-zarate\/#primaryimage"},"thumbnailUrl":"https:\/\/nucleodisca.cl\/cms\/wp-content\/uploads\/2026\/04\/PSX_20250522_004427-Catalina-Zarate.jpg","datePublished":"2026-04-29T19:22:42+00:00","breadcrumb":{"@id":"https:\/\/nucleodisca.cl\/quienes-somos\/colaboradores\/catalina-zarate\/#breadcrumb"},"inLanguage":"en-US","potentialAction":[{"@type":"ReadAction","target":["https:\/\/nucleodisca.cl\/quienes-somos\/colaboradores\/catalina-zarate\/"]}]},{"@type":"ImageObject","inLanguage":"en-US","@id":"https:\/\/nucleodisca.cl\/quienes-somos\/colaboradores\/catalina-zarate\/#primaryimage","url":"https:\/\/nucleodisca.cl\/cms\/wp-content\/uploads\/2026\/04\/PSX_20250522_004427-Catalina-Zarate.jpg","contentUrl":"https:\/\/nucleodisca.cl\/cms\/wp-content\/uploads\/2026\/04\/PSX_20250522_004427-Catalina-Zarate.jpg","width":1200,"height":1516,"caption":"Fotograf\u00eda Catalina Z\u00e1rate"},{"@type":"BreadcrumbList","@id":"https:\/\/nucleodisca.cl\/quienes-somos\/colaboradores\/catalina-zarate\/#breadcrumb","itemListElement":[{"@type":"ListItem","position":1,"name":"Portada","item":"https:\/\/nucleodisca.cl\/"},{"@type":"ListItem","position":2,"name":"Qui\u00e9nes somos","item":"https:\/\/nucleodisca.cl\/quienes-somos\/"},{"@type":"ListItem","position":3,"name":"Colaboradores","item":"https:\/\/nucleodisca.cl\/quienes-somos\/colaboradores\/"},{"@type":"ListItem","position":4,"name":"Catalina Z\u00e1rate"}]},{"@type":"WebSite","@id":"https:\/\/nucleodisca.cl\/#website","url":"https:\/\/nucleodisca.cl\/","name":"N\u00facleo Disca","description":"Disability and citizenship","publisher":{"@id":"https:\/\/nucleodisca.cl\/#organization"},"potentialAction":[{"@type":"SearchAction","target":{"@type":"EntryPoint","urlTemplate":"https:\/\/nucleodisca.cl\/?s={search_term_string}"},"query-input":{"@type":"PropertyValueSpecification","valueRequired":true,"valueName":"search_term_string"}}],"inLanguage":"en-US"},{"@type":"Organization","@id":"https:\/\/nucleodisca.cl\/#organization","name":"N\u00facleo Milenio Disca","url":"https:\/\/nucleodisca.cl\/","logo":{"@type":"ImageObject","inLanguage":"en-US","@id":"https:\/\/nucleodisca.cl\/#\/schema\/logo\/image\/","url":"https:\/\/nucleodisca.cl\/cms\/wp-content\/uploads\/2023\/10\/DISCA-2-NEGRO-COLOR-A.png","contentUrl":"https:\/\/nucleodisca.cl\/cms\/wp-content\/uploads\/2023\/10\/DISCA-2-NEGRO-COLOR-A.png","width":3319,"height":1759,"caption":"N\u00facleo Milenio Disca"},"image":{"@id":"https:\/\/nucleodisca.cl\/#\/schema\/logo\/image\/"},"sameAs":["https:\/\/www.facebook.com\/nucleodisca","https:\/\/x.com\/NucleoDISCA","https:\/\/www.instagram.com\/nucleodisca\/","https:\/\/www.linkedin.com\/in\/andreaocampocea\/"]}]}},"_links":{"self":[{"href":"https:\/\/nucleodisca.cl\/en\/wp-json\/wp\/v2\/pages\/2224","targetHints":{"allow":["GET"]}}],"collection":[{"href":"https:\/\/nucleodisca.cl\/en\/wp-json\/wp\/v2\/pages"}],"about":[{"href":"https:\/\/nucleodisca.cl\/en\/wp-json\/wp\/v2\/types\/page"}],"author":[{"embeddable":true,"href":"https:\/\/nucleodisca.cl\/en\/wp-json\/wp\/v2\/users\/5"}],"replies":[{"embeddable":true,"href":"https:\/\/nucleodisca.cl\/en\/wp-json\/wp\/v2\/comments?post=2224"}],"version-history":[{"count":1,"href":"https:\/\/nucleodisca.cl\/en\/wp-json\/wp\/v2\/pages\/2224\/revisions"}],"predecessor-version":[{"id":2226,"href":"https:\/\/nucleodisca.cl\/en\/wp-json\/wp\/v2\/pages\/2224\/revisions\/2226"}],"up":[{"embeddable":true,"href":"https:\/\/nucleodisca.cl\/en\/wp-json\/wp\/v2\/pages\/1115"}],"wp:featuredmedia":[{"embeddable":true,"href":"https:\/\/nucleodisca.cl\/en\/wp-json\/wp\/v2\/media\/2225"}],"wp:attachment":[{"href":"https:\/\/nucleodisca.cl\/en\/wp-json\/wp\/v2\/media?parent=2224"}],"curies":[{"name":"wp","href":"https:\/\/api.w.org\/{rel}","templated":true}]}}