{"id":310,"date":"2023-04-12T13:16:38","date_gmt":"2023-04-12T16:16:38","guid":{"rendered":"https:\/\/nucleodisca.cl\/?page_id=310"},"modified":"2025-04-24T15:39:38","modified_gmt":"2025-04-24T18:39:38","slug":"andres-aparicio","status":"publish","type":"page","link":"https:\/\/nucleodisca.cl\/en\/quienes-somos\/investigadores-cientificos\/investigadores-adjuntos\/andres-aparicio\/","title":{"rendered":"Andr\u00e9s Aparicio"},"content":{"rendered":"<p>Andr\u00e9s is a systems and computer engineer from Pontificia Universidad Javeriana Cali, Colombia, and holds a PhD in Arts, mention in Theater Studies and Practices, from Pontificia Universidad Cat\u00f3lica de Chile.<\/p>\n<p>His research interests are focused on bodily diversity and the epistemology of practice, its relationship with technology as a process and artifact and its application to care and social inclusion. He has extensive experience in working with technology and disability and has been involved in different programs aimed at empowering the rights of people with disabilities and their associated stakeholders.<\/p>\n<p>He teaches Social Innovation and Technology for Social Work at the School of Social Work of the UC and is an Associate Researcher at the Millennium Institute for Care Research (MICARE), in charge of the line of research in Technology and Care.<\/p>","protected":false},"excerpt":{"rendered":"<p>Andr\u00e9s is a systems and computer engineer from Pontificia Universidad Javeriana Cali, Colombia, and holds a PhD in Arts, mention in Theater Studies and Practices, from Pontificia Universidad Cat\u00f3lica de Chile. His research interests are focused on bodily diversity and the epistemology of practice, its relationship with technology as a process and artifact and its [&hellip;]<\/p>\n","protected":false},"author":2,"featured_media":450,"parent":383,"menu_order":3,"comment_status":"closed","ping_status":"closed","template":"","meta":{"_acf_changed":false,"footnotes":""},"class_list":["post-310","page","type-page","status-publish","has-post-thumbnail","hentry"],"acf":[],"yoast_head":"<!-- This site is optimized with the Yoast SEO plugin v25.6 - https:\/\/yoast.com\/wordpress\/plugins\/seo\/ -->\n<title>Andr\u00e9s Aparicio - N\u00facleo Disca<\/title>\n<meta name=\"robots\" content=\"index, follow, max-snippet:-1, max-image-preview:large, max-video-preview:-1\" \/>\n<link rel=\"canonical\" href=\"https:\/\/nucleodisca.cl\/quienes-somos\/investigadores-cientificos\/investigadores-adjuntos\/andres-aparicio\/\" \/>\n<meta property=\"og:locale\" content=\"en_US\" \/>\n<meta property=\"og:type\" content=\"article\" \/>\n<meta property=\"og:title\" content=\"Andr\u00e9s Aparicio - N\u00facleo Disca\" \/>\n<meta property=\"og:description\" content=\"Andr\u00e9s is a systems and computer engineer from Pontificia Universidad Javeriana Cali, Colombia, and holds a PhD in Arts, mention in Theater Studies and Practices, from Pontificia Universidad Cat\u00f3lica de Chile. His research interests are focused on bodily diversity and the epistemology of practice, its relationship with technology as a process and artifact and its [&hellip;]\" \/>\n<meta property=\"og:url\" content=\"https:\/\/nucleodisca.cl\/quienes-somos\/investigadores-cientificos\/investigadores-adjuntos\/andres-aparicio\/\" \/>\n<meta property=\"og:site_name\" content=\"N\u00facleo Disca\" \/>\n<meta property=\"article:publisher\" content=\"https:\/\/www.facebook.com\/nucleodisca\" \/>\n<meta property=\"article:modified_time\" content=\"2025-04-24T18:39:38+00:00\" \/>\n<meta property=\"og:image\" content=\"https:\/\/nucleodisca.cl\/cms\/wp-content\/uploads\/2023\/05\/Andres-Aparicio-e1699376397912.jpg\" \/>\n\t<meta property=\"og:image:width\" content=\"1283\" \/>\n\t<meta property=\"og:image:height\" content=\"1044\" \/>\n\t<meta property=\"og:image:type\" content=\"image\/jpeg\" \/>\n<meta name=\"twitter:card\" content=\"summary_large_image\" \/>\n<meta name=\"twitter:site\" content=\"@NucleoDISCA\" \/>\n<meta name=\"twitter:label1\" content=\"Est. reading time\" \/>\n\t<meta name=\"twitter:data1\" content=\"1 minute\" \/>\n<script type=\"application\/ld+json\" class=\"yoast-schema-graph\">{\"@context\":\"https:\/\/schema.org\",\"@graph\":[{\"@type\":\"WebPage\",\"@id\":\"https:\/\/nucleodisca.cl\/quienes-somos\/investigadores-cientificos\/investigadores-adjuntos\/andres-aparicio\/\",\"url\":\"https:\/\/nucleodisca.cl\/quienes-somos\/investigadores-cientificos\/investigadores-adjuntos\/andres-aparicio\/\",\"name\":\"Andr\u00e9s Aparicio - N\u00facleo Disca\",\"isPartOf\":{\"@id\":\"https:\/\/nucleodisca.cl\/#website\"},\"primaryImageOfPage\":{\"@id\":\"https:\/\/nucleodisca.cl\/quienes-somos\/investigadores-cientificos\/investigadores-adjuntos\/andres-aparicio\/#primaryimage\"},\"image\":{\"@id\":\"https:\/\/nucleodisca.cl\/quienes-somos\/investigadores-cientificos\/investigadores-adjuntos\/andres-aparicio\/#primaryimage\"},\"thumbnailUrl\":\"https:\/\/nucleodisca.cl\/cms\/wp-content\/uploads\/2023\/05\/Andres-Aparicio-e1699376397912.jpg\",\"datePublished\":\"2023-04-12T16:16:38+00:00\",\"dateModified\":\"2025-04-24T18:39:38+00:00\",\"breadcrumb\":{\"@id\":\"https:\/\/nucleodisca.cl\/quienes-somos\/investigadores-cientificos\/investigadores-adjuntos\/andres-aparicio\/#breadcrumb\"},\"inLanguage\":\"en-US\",\"potentialAction\":[{\"@type\":\"ReadAction\",\"target\":[\"https:\/\/nucleodisca.cl\/quienes-somos\/investigadores-cientificos\/investigadores-adjuntos\/andres-aparicio\/\"]}]},{\"@type\":\"ImageObject\",\"inLanguage\":\"en-US\",\"@id\":\"https:\/\/nucleodisca.cl\/quienes-somos\/investigadores-cientificos\/investigadores-adjuntos\/andres-aparicio\/#primaryimage\",\"url\":\"https:\/\/nucleodisca.cl\/cms\/wp-content\/uploads\/2023\/05\/Andres-Aparicio-e1699376397912.jpg\",\"contentUrl\":\"https:\/\/nucleodisca.cl\/cms\/wp-content\/uploads\/2023\/05\/Andres-Aparicio-e1699376397912.jpg\",\"width\":1283,\"height\":1044,\"caption\":\"Fotograf\u00eda de Andr\u00e9s Aparicio.\"},{\"@type\":\"BreadcrumbList\",\"@id\":\"https:\/\/nucleodisca.cl\/quienes-somos\/investigadores-cientificos\/investigadores-adjuntos\/andres-aparicio\/#breadcrumb\",\"itemListElement\":[{\"@type\":\"ListItem\",\"position\":1,\"name\":\"Portada\",\"item\":\"https:\/\/nucleodisca.cl\/\"},{\"@type\":\"ListItem\",\"position\":2,\"name\":\"Qui\u00e9nes somos\",\"item\":\"https:\/\/nucleodisca.cl\/quienes-somos\/\"},{\"@type\":\"ListItem\",\"position\":3,\"name\":\"Investigadores\",\"item\":\"https:\/\/nucleodisca.cl\/quienes-somos\/investigadores-cientificos\/\"},{\"@type\":\"ListItem\",\"position\":4,\"name\":\"Investigadores Adjuntos\",\"item\":\"https:\/\/nucleodisca.cl\/quienes-somos\/investigadores-cientificos\/investigadores-adjuntos\/\"},{\"@type\":\"ListItem\",\"position\":5,\"name\":\"Andr\u00e9s Aparicio\"}]},{\"@type\":\"WebSite\",\"@id\":\"https:\/\/nucleodisca.cl\/#website\",\"url\":\"https:\/\/nucleodisca.cl\/\",\"name\":\"N\u00facleo Disca\",\"description\":\"Disability and citizenship\",\"publisher\":{\"@id\":\"https:\/\/nucleodisca.cl\/#organization\"},\"potentialAction\":[{\"@type\":\"SearchAction\",\"target\":{\"@type\":\"EntryPoint\",\"urlTemplate\":\"https:\/\/nucleodisca.cl\/?s={search_term_string}\"},\"query-input\":{\"@type\":\"PropertyValueSpecification\",\"valueRequired\":true,\"valueName\":\"search_term_string\"}}],\"inLanguage\":\"en-US\"},{\"@type\":\"Organization\",\"@id\":\"https:\/\/nucleodisca.cl\/#organization\",\"name\":\"N\u00facleo Milenio Disca\",\"url\":\"https:\/\/nucleodisca.cl\/\",\"logo\":{\"@type\":\"ImageObject\",\"inLanguage\":\"en-US\",\"@id\":\"https:\/\/nucleodisca.cl\/#\/schema\/logo\/image\/\",\"url\":\"https:\/\/nucleodisca.cl\/cms\/wp-content\/uploads\/2023\/10\/DISCA-2-NEGRO-COLOR-A.png\",\"contentUrl\":\"https:\/\/nucleodisca.cl\/cms\/wp-content\/uploads\/2023\/10\/DISCA-2-NEGRO-COLOR-A.png\",\"width\":3319,\"height\":1759,\"caption\":\"N\u00facleo Milenio Disca\"},\"image\":{\"@id\":\"https:\/\/nucleodisca.cl\/#\/schema\/logo\/image\/\"},\"sameAs\":[\"https:\/\/www.facebook.com\/nucleodisca\",\"https:\/\/x.com\/NucleoDISCA\",\"https:\/\/www.instagram.com\/nucleodisca\/\",\"https:\/\/www.linkedin.com\/in\/andreaocampocea\/\"]}]}<\/script>\n<!-- \/ Yoast SEO plugin. -->","yoast_head_json":{"title":"Andr\u00e9s Aparicio - N\u00facleo Disca","robots":{"index":"index","follow":"follow","max-snippet":"max-snippet:-1","max-image-preview":"max-image-preview:large","max-video-preview":"max-video-preview:-1"},"canonical":"https:\/\/nucleodisca.cl\/quienes-somos\/investigadores-cientificos\/investigadores-adjuntos\/andres-aparicio\/","og_locale":"en_US","og_type":"article","og_title":"Andr\u00e9s Aparicio - N\u00facleo Disca","og_description":"Andr\u00e9s is a systems and computer engineer from Pontificia Universidad Javeriana Cali, Colombia, and holds a PhD in Arts, mention in Theater Studies and Practices, from Pontificia Universidad Cat\u00f3lica de Chile. His research interests are focused on bodily diversity and the epistemology of practice, its relationship with technology as a process and artifact and its [&hellip;]","og_url":"https:\/\/nucleodisca.cl\/quienes-somos\/investigadores-cientificos\/investigadores-adjuntos\/andres-aparicio\/","og_site_name":"N\u00facleo Disca","article_publisher":"https:\/\/www.facebook.com\/nucleodisca","article_modified_time":"2025-04-24T18:39:38+00:00","og_image":[{"width":1283,"height":1044,"url":"https:\/\/nucleodisca.cl\/cms\/wp-content\/uploads\/2023\/05\/Andres-Aparicio-e1699376397912.jpg","type":"image\/jpeg"}],"twitter_card":"summary_large_image","twitter_site":"@NucleoDISCA","twitter_misc":{"Est. reading time":"1 minute"},"schema":{"@context":"https:\/\/schema.org","@graph":[{"@type":"WebPage","@id":"https:\/\/nucleodisca.cl\/quienes-somos\/investigadores-cientificos\/investigadores-adjuntos\/andres-aparicio\/","url":"https:\/\/nucleodisca.cl\/quienes-somos\/investigadores-cientificos\/investigadores-adjuntos\/andres-aparicio\/","name":"Andr\u00e9s Aparicio - N\u00facleo Disca","isPartOf":{"@id":"https:\/\/nucleodisca.cl\/#website"},"primaryImageOfPage":{"@id":"https:\/\/nucleodisca.cl\/quienes-somos\/investigadores-cientificos\/investigadores-adjuntos\/andres-aparicio\/#primaryimage"},"image":{"@id":"https:\/\/nucleodisca.cl\/quienes-somos\/investigadores-cientificos\/investigadores-adjuntos\/andres-aparicio\/#primaryimage"},"thumbnailUrl":"https:\/\/nucleodisca.cl\/cms\/wp-content\/uploads\/2023\/05\/Andres-Aparicio-e1699376397912.jpg","datePublished":"2023-04-12T16:16:38+00:00","dateModified":"2025-04-24T18:39:38+00:00","breadcrumb":{"@id":"https:\/\/nucleodisca.cl\/quienes-somos\/investigadores-cientificos\/investigadores-adjuntos\/andres-aparicio\/#breadcrumb"},"inLanguage":"en-US","potentialAction":[{"@type":"ReadAction","target":["https:\/\/nucleodisca.cl\/quienes-somos\/investigadores-cientificos\/investigadores-adjuntos\/andres-aparicio\/"]}]},{"@type":"ImageObject","inLanguage":"en-US","@id":"https:\/\/nucleodisca.cl\/quienes-somos\/investigadores-cientificos\/investigadores-adjuntos\/andres-aparicio\/#primaryimage","url":"https:\/\/nucleodisca.cl\/cms\/wp-content\/uploads\/2023\/05\/Andres-Aparicio-e1699376397912.jpg","contentUrl":"https:\/\/nucleodisca.cl\/cms\/wp-content\/uploads\/2023\/05\/Andres-Aparicio-e1699376397912.jpg","width":1283,"height":1044,"caption":"Fotograf\u00eda de Andr\u00e9s Aparicio."},{"@type":"BreadcrumbList","@id":"https:\/\/nucleodisca.cl\/quienes-somos\/investigadores-cientificos\/investigadores-adjuntos\/andres-aparicio\/#breadcrumb","itemListElement":[{"@type":"ListItem","position":1,"name":"Portada","item":"https:\/\/nucleodisca.cl\/"},{"@type":"ListItem","position":2,"name":"Qui\u00e9nes somos","item":"https:\/\/nucleodisca.cl\/quienes-somos\/"},{"@type":"ListItem","position":3,"name":"Investigadores","item":"https:\/\/nucleodisca.cl\/quienes-somos\/investigadores-cientificos\/"},{"@type":"ListItem","position":4,"name":"Investigadores Adjuntos","item":"https:\/\/nucleodisca.cl\/quienes-somos\/investigadores-cientificos\/investigadores-adjuntos\/"},{"@type":"ListItem","position":5,"name":"Andr\u00e9s Aparicio"}]},{"@type":"WebSite","@id":"https:\/\/nucleodisca.cl\/#website","url":"https:\/\/nucleodisca.cl\/","name":"N\u00facleo Disca","description":"Disability and citizenship","publisher":{"@id":"https:\/\/nucleodisca.cl\/#organization"},"potentialAction":[{"@type":"SearchAction","target":{"@type":"EntryPoint","urlTemplate":"https:\/\/nucleodisca.cl\/?s={search_term_string}"},"query-input":{"@type":"PropertyValueSpecification","valueRequired":true,"valueName":"search_term_string"}}],"inLanguage":"en-US"},{"@type":"Organization","@id":"https:\/\/nucleodisca.cl\/#organization","name":"N\u00facleo Milenio Disca","url":"https:\/\/nucleodisca.cl\/","logo":{"@type":"ImageObject","inLanguage":"en-US","@id":"https:\/\/nucleodisca.cl\/#\/schema\/logo\/image\/","url":"https:\/\/nucleodisca.cl\/cms\/wp-content\/uploads\/2023\/10\/DISCA-2-NEGRO-COLOR-A.png","contentUrl":"https:\/\/nucleodisca.cl\/cms\/wp-content\/uploads\/2023\/10\/DISCA-2-NEGRO-COLOR-A.png","width":3319,"height":1759,"caption":"N\u00facleo Milenio Disca"},"image":{"@id":"https:\/\/nucleodisca.cl\/#\/schema\/logo\/image\/"},"sameAs":["https:\/\/www.facebook.com\/nucleodisca","https:\/\/x.com\/NucleoDISCA","https:\/\/www.instagram.com\/nucleodisca\/","https:\/\/www.linkedin.com\/in\/andreaocampocea\/"]}]}},"_links":{"self":[{"href":"https:\/\/nucleodisca.cl\/en\/wp-json\/wp\/v2\/pages\/310","targetHints":{"allow":["GET"]}}],"collection":[{"href":"https:\/\/nucleodisca.cl\/en\/wp-json\/wp\/v2\/pages"}],"about":[{"href":"https:\/\/nucleodisca.cl\/en\/wp-json\/wp\/v2\/types\/page"}],"author":[{"embeddable":true,"href":"https:\/\/nucleodisca.cl\/en\/wp-json\/wp\/v2\/users\/2"}],"replies":[{"embeddable":true,"href":"https:\/\/nucleodisca.cl\/en\/wp-json\/wp\/v2\/comments?post=310"}],"version-history":[{"count":4,"href":"https:\/\/nucleodisca.cl\/en\/wp-json\/wp\/v2\/pages\/310\/revisions"}],"predecessor-version":[{"id":919,"href":"https:\/\/nucleodisca.cl\/en\/wp-json\/wp\/v2\/pages\/310\/revisions\/919"}],"up":[{"embeddable":true,"href":"https:\/\/nucleodisca.cl\/en\/wp-json\/wp\/v2\/pages\/383"}],"wp:featuredmedia":[{"embeddable":true,"href":"https:\/\/nucleodisca.cl\/en\/wp-json\/wp\/v2\/media\/450"}],"wp:attachment":[{"href":"https:\/\/nucleodisca.cl\/en\/wp-json\/wp\/v2\/media?parent=310"}],"curies":[{"name":"wp","href":"https:\/\/api.w.org\/{rel}","templated":true}]}}