{"id":34,"date":"2023-03-14T15:16:29","date_gmt":"2023-03-14T18:16:29","guid":{"rendered":"https:\/\/nucleodisca.cl\/cms\/?page_id=34"},"modified":"2026-03-31T14:14:26","modified_gmt":"2026-03-31T18:14:26","slug":"juan-andres-pino-moran","status":"publish","type":"page","link":"https:\/\/nucleodisca.cl\/en\/quienes-somos\/investigadores-cientificos\/investigadores-principales\/juan-andres-pino-moran\/","title":{"rendered":"Juan Andr\u00e9s Pino Mor\u00e1n"},"content":{"rendered":"<p><strong>Juan Andr\u00e9s Pino Mor\u00e1n<\/strong><\/p>\n<p>Principal Researcher<br \/>\njuan.pino@uoh.cl<br \/>\n<a href=\"https:\/\/orcid.org\/0000-0001-7027-6908\">ORCID Academic profile<\/a><\/p>\n<p>Juan Pino is an Occupational Therapist (Universidad de Playa Ancha, 2008), holds a Master&#8217;s degree in Community Psychology (Universidad de Chile, 2014), and later completed his Doctoral training in Sociology (Universidad Aut\u00f3noma de Barcelona, 2020). He works as a researcher at the Institute of Health Sciences at the State Universidad de O\u2019Higgins in Chile. His teaching focuses on qualitative research methodology and critical occupational therapy disciplinary foundations.<\/p>\n<p>He is currently conducting a FONDECYT Postdoctoral research project for 2022-2024 (ANID) on socio-community care for people with disabilities and collaborates with the critical disability studies group of CLACSO (Latin American Council of Social Sciences) and the social and gender studies group on corporeality, subjectivity, and avoidable suffering at the Universidad Aut\u00f3noma de Barcelona.<\/p>\n<p>His research lines include critical disability studies, Latin American occupational therapy studies, feminist epistemologies and ethics of care.<\/p>","protected":false},"excerpt":{"rendered":"<p>Juan Andr\u00e9s Pino Mor\u00e1n Principal Researcher juan.pino@uoh.cl ORCID Academic profile Juan Pino is an Occupational Therapist (Universidad de Playa Ancha, 2008), holds a Master&#8217;s degree in Community Psychology (Universidad de Chile, 2014), and later completed his Doctoral training in Sociology (Universidad Aut\u00f3noma de Barcelona, 2020). He works as a researcher at the Institute of Health [&hellip;]<\/p>\n","protected":false},"author":2,"featured_media":2047,"parent":32,"menu_order":4,"comment_status":"closed","ping_status":"closed","template":"","meta":{"_acf_changed":false,"footnotes":""},"class_list":["post-34","page","type-page","status-publish","has-post-thumbnail","hentry"],"acf":[],"yoast_head":"<!-- This site is optimized with the Yoast SEO plugin v25.6 - https:\/\/yoast.com\/wordpress\/plugins\/seo\/ -->\n<title>Juan Andr\u00e9s Pino Mor\u00e1n - N\u00facleo Disca<\/title>\n<meta name=\"robots\" content=\"index, follow, max-snippet:-1, max-image-preview:large, max-video-preview:-1\" \/>\n<link rel=\"canonical\" href=\"https:\/\/nucleodisca.cl\/quienes-somos\/investigadores-cientificos\/investigadores-principales\/juan-andres-pino-moran\/\" \/>\n<meta property=\"og:locale\" content=\"en_US\" \/>\n<meta property=\"og:type\" content=\"article\" \/>\n<meta property=\"og:title\" content=\"Juan Andr\u00e9s Pino Mor\u00e1n - N\u00facleo Disca\" \/>\n<meta property=\"og:description\" content=\"Juan Andr\u00e9s Pino Mor\u00e1n Principal Researcher juan.pino@uoh.cl ORCID Academic profile Juan Pino is an Occupational Therapist (Universidad de Playa Ancha, 2008), holds a Master&#8217;s degree in Community Psychology (Universidad de Chile, 2014), and later completed his Doctoral training in Sociology (Universidad Aut\u00f3noma de Barcelona, 2020). He works as a researcher at the Institute of Health [&hellip;]\" \/>\n<meta property=\"og:url\" content=\"https:\/\/nucleodisca.cl\/quienes-somos\/investigadores-cientificos\/investigadores-principales\/juan-andres-pino-moran\/\" \/>\n<meta property=\"og:site_name\" content=\"N\u00facleo Disca\" \/>\n<meta property=\"article:publisher\" content=\"https:\/\/www.facebook.com\/nucleodisca\" \/>\n<meta property=\"article:modified_time\" content=\"2026-03-31T18:14:26+00:00\" \/>\n<meta property=\"og:image\" content=\"https:\/\/nucleodisca.cl\/cms\/wp-content\/uploads\/2026\/03\/nucleo-milenio-x-cheche-calfin-15_55050551397_o-scaled-e1774980850911.jpg\" \/>\n\t<meta property=\"og:image:width\" content=\"1707\" \/>\n\t<meta property=\"og:image:height\" content=\"1707\" \/>\n\t<meta property=\"og:image:type\" content=\"image\/jpeg\" \/>\n<meta name=\"twitter:card\" content=\"summary_large_image\" \/>\n<meta name=\"twitter:site\" content=\"@NucleoDISCA\" \/>\n<meta name=\"twitter:label1\" content=\"Est. reading time\" \/>\n\t<meta name=\"twitter:data1\" content=\"1 minute\" \/>\n<script type=\"application\/ld+json\" class=\"yoast-schema-graph\">{\"@context\":\"https:\/\/schema.org\",\"@graph\":[{\"@type\":\"WebPage\",\"@id\":\"https:\/\/nucleodisca.cl\/quienes-somos\/investigadores-cientificos\/investigadores-principales\/juan-andres-pino-moran\/\",\"url\":\"https:\/\/nucleodisca.cl\/quienes-somos\/investigadores-cientificos\/investigadores-principales\/juan-andres-pino-moran\/\",\"name\":\"Juan Andr\u00e9s Pino Mor\u00e1n - N\u00facleo Disca\",\"isPartOf\":{\"@id\":\"https:\/\/nucleodisca.cl\/#website\"},\"primaryImageOfPage\":{\"@id\":\"https:\/\/nucleodisca.cl\/quienes-somos\/investigadores-cientificos\/investigadores-principales\/juan-andres-pino-moran\/#primaryimage\"},\"image\":{\"@id\":\"https:\/\/nucleodisca.cl\/quienes-somos\/investigadores-cientificos\/investigadores-principales\/juan-andres-pino-moran\/#primaryimage\"},\"thumbnailUrl\":\"https:\/\/nucleodisca.cl\/cms\/wp-content\/uploads\/2026\/03\/nucleo-milenio-x-cheche-calfin-15_55050551397_o-scaled-e1774980850911.jpg\",\"datePublished\":\"2023-03-14T18:16:29+00:00\",\"dateModified\":\"2026-03-31T18:14:26+00:00\",\"breadcrumb\":{\"@id\":\"https:\/\/nucleodisca.cl\/quienes-somos\/investigadores-cientificos\/investigadores-principales\/juan-andres-pino-moran\/#breadcrumb\"},\"inLanguage\":\"en-US\",\"potentialAction\":[{\"@type\":\"ReadAction\",\"target\":[\"https:\/\/nucleodisca.cl\/quienes-somos\/investigadores-cientificos\/investigadores-principales\/juan-andres-pino-moran\/\"]}]},{\"@type\":\"ImageObject\",\"inLanguage\":\"en-US\",\"@id\":\"https:\/\/nucleodisca.cl\/quienes-somos\/investigadores-cientificos\/investigadores-principales\/juan-andres-pino-moran\/#primaryimage\",\"url\":\"https:\/\/nucleodisca.cl\/cms\/wp-content\/uploads\/2026\/03\/nucleo-milenio-x-cheche-calfin-15_55050551397_o-scaled-e1774980850911.jpg\",\"contentUrl\":\"https:\/\/nucleodisca.cl\/cms\/wp-content\/uploads\/2026\/03\/nucleo-milenio-x-cheche-calfin-15_55050551397_o-scaled-e1774980850911.jpg\",\"width\":1707,\"height\":1707,\"caption\":\"Fotograf\u00eda Juan Pino Mor\u00e1n\"},{\"@type\":\"BreadcrumbList\",\"@id\":\"https:\/\/nucleodisca.cl\/quienes-somos\/investigadores-cientificos\/investigadores-principales\/juan-andres-pino-moran\/#breadcrumb\",\"itemListElement\":[{\"@type\":\"ListItem\",\"position\":1,\"name\":\"Portada\",\"item\":\"https:\/\/nucleodisca.cl\/\"},{\"@type\":\"ListItem\",\"position\":2,\"name\":\"Qui\u00e9nes somos\",\"item\":\"https:\/\/nucleodisca.cl\/quienes-somos\/\"},{\"@type\":\"ListItem\",\"position\":3,\"name\":\"Investigadores\",\"item\":\"https:\/\/nucleodisca.cl\/quienes-somos\/investigadores-cientificos\/\"},{\"@type\":\"ListItem\",\"position\":4,\"name\":\"Investigadores Principales\",\"item\":\"https:\/\/nucleodisca.cl\/quienes-somos\/investigadores-cientificos\/investigadores-principales\/\"},{\"@type\":\"ListItem\",\"position\":5,\"name\":\"Juan Andr\u00e9s Pino Mor\u00e1n\"}]},{\"@type\":\"WebSite\",\"@id\":\"https:\/\/nucleodisca.cl\/#website\",\"url\":\"https:\/\/nucleodisca.cl\/\",\"name\":\"N\u00facleo Disca\",\"description\":\"Disability and citizenship\",\"publisher\":{\"@id\":\"https:\/\/nucleodisca.cl\/#organization\"},\"potentialAction\":[{\"@type\":\"SearchAction\",\"target\":{\"@type\":\"EntryPoint\",\"urlTemplate\":\"https:\/\/nucleodisca.cl\/?s={search_term_string}\"},\"query-input\":{\"@type\":\"PropertyValueSpecification\",\"valueRequired\":true,\"valueName\":\"search_term_string\"}}],\"inLanguage\":\"en-US\"},{\"@type\":\"Organization\",\"@id\":\"https:\/\/nucleodisca.cl\/#organization\",\"name\":\"N\u00facleo Milenio Disca\",\"url\":\"https:\/\/nucleodisca.cl\/\",\"logo\":{\"@type\":\"ImageObject\",\"inLanguage\":\"en-US\",\"@id\":\"https:\/\/nucleodisca.cl\/#\/schema\/logo\/image\/\",\"url\":\"https:\/\/nucleodisca.cl\/cms\/wp-content\/uploads\/2023\/10\/DISCA-2-NEGRO-COLOR-A.png\",\"contentUrl\":\"https:\/\/nucleodisca.cl\/cms\/wp-content\/uploads\/2023\/10\/DISCA-2-NEGRO-COLOR-A.png\",\"width\":3319,\"height\":1759,\"caption\":\"N\u00facleo Milenio Disca\"},\"image\":{\"@id\":\"https:\/\/nucleodisca.cl\/#\/schema\/logo\/image\/\"},\"sameAs\":[\"https:\/\/www.facebook.com\/nucleodisca\",\"https:\/\/x.com\/NucleoDISCA\",\"https:\/\/www.instagram.com\/nucleodisca\/\",\"https:\/\/www.linkedin.com\/in\/andreaocampocea\/\"]}]}<\/script>\n<!-- \/ Yoast SEO plugin. -->","yoast_head_json":{"title":"Juan Andr\u00e9s Pino Mor\u00e1n - N\u00facleo Disca","robots":{"index":"index","follow":"follow","max-snippet":"max-snippet:-1","max-image-preview":"max-image-preview:large","max-video-preview":"max-video-preview:-1"},"canonical":"https:\/\/nucleodisca.cl\/quienes-somos\/investigadores-cientificos\/investigadores-principales\/juan-andres-pino-moran\/","og_locale":"en_US","og_type":"article","og_title":"Juan Andr\u00e9s Pino Mor\u00e1n - N\u00facleo Disca","og_description":"Juan Andr\u00e9s Pino Mor\u00e1n Principal Researcher juan.pino@uoh.cl ORCID Academic profile Juan Pino is an Occupational Therapist (Universidad de Playa Ancha, 2008), holds a Master&#8217;s degree in Community Psychology (Universidad de Chile, 2014), and later completed his Doctoral training in Sociology (Universidad Aut\u00f3noma de Barcelona, 2020). He works as a researcher at the Institute of Health [&hellip;]","og_url":"https:\/\/nucleodisca.cl\/quienes-somos\/investigadores-cientificos\/investigadores-principales\/juan-andres-pino-moran\/","og_site_name":"N\u00facleo Disca","article_publisher":"https:\/\/www.facebook.com\/nucleodisca","article_modified_time":"2026-03-31T18:14:26+00:00","og_image":[{"width":1707,"height":1707,"url":"https:\/\/nucleodisca.cl\/cms\/wp-content\/uploads\/2026\/03\/nucleo-milenio-x-cheche-calfin-15_55050551397_o-scaled-e1774980850911.jpg","type":"image\/jpeg"}],"twitter_card":"summary_large_image","twitter_site":"@NucleoDISCA","twitter_misc":{"Est. reading time":"1 minute"},"schema":{"@context":"https:\/\/schema.org","@graph":[{"@type":"WebPage","@id":"https:\/\/nucleodisca.cl\/quienes-somos\/investigadores-cientificos\/investigadores-principales\/juan-andres-pino-moran\/","url":"https:\/\/nucleodisca.cl\/quienes-somos\/investigadores-cientificos\/investigadores-principales\/juan-andres-pino-moran\/","name":"Juan Andr\u00e9s Pino Mor\u00e1n - N\u00facleo Disca","isPartOf":{"@id":"https:\/\/nucleodisca.cl\/#website"},"primaryImageOfPage":{"@id":"https:\/\/nucleodisca.cl\/quienes-somos\/investigadores-cientificos\/investigadores-principales\/juan-andres-pino-moran\/#primaryimage"},"image":{"@id":"https:\/\/nucleodisca.cl\/quienes-somos\/investigadores-cientificos\/investigadores-principales\/juan-andres-pino-moran\/#primaryimage"},"thumbnailUrl":"https:\/\/nucleodisca.cl\/cms\/wp-content\/uploads\/2026\/03\/nucleo-milenio-x-cheche-calfin-15_55050551397_o-scaled-e1774980850911.jpg","datePublished":"2023-03-14T18:16:29+00:00","dateModified":"2026-03-31T18:14:26+00:00","breadcrumb":{"@id":"https:\/\/nucleodisca.cl\/quienes-somos\/investigadores-cientificos\/investigadores-principales\/juan-andres-pino-moran\/#breadcrumb"},"inLanguage":"en-US","potentialAction":[{"@type":"ReadAction","target":["https:\/\/nucleodisca.cl\/quienes-somos\/investigadores-cientificos\/investigadores-principales\/juan-andres-pino-moran\/"]}]},{"@type":"ImageObject","inLanguage":"en-US","@id":"https:\/\/nucleodisca.cl\/quienes-somos\/investigadores-cientificos\/investigadores-principales\/juan-andres-pino-moran\/#primaryimage","url":"https:\/\/nucleodisca.cl\/cms\/wp-content\/uploads\/2026\/03\/nucleo-milenio-x-cheche-calfin-15_55050551397_o-scaled-e1774980850911.jpg","contentUrl":"https:\/\/nucleodisca.cl\/cms\/wp-content\/uploads\/2026\/03\/nucleo-milenio-x-cheche-calfin-15_55050551397_o-scaled-e1774980850911.jpg","width":1707,"height":1707,"caption":"Fotograf\u00eda Juan Pino Mor\u00e1n"},{"@type":"BreadcrumbList","@id":"https:\/\/nucleodisca.cl\/quienes-somos\/investigadores-cientificos\/investigadores-principales\/juan-andres-pino-moran\/#breadcrumb","itemListElement":[{"@type":"ListItem","position":1,"name":"Portada","item":"https:\/\/nucleodisca.cl\/"},{"@type":"ListItem","position":2,"name":"Qui\u00e9nes somos","item":"https:\/\/nucleodisca.cl\/quienes-somos\/"},{"@type":"ListItem","position":3,"name":"Investigadores","item":"https:\/\/nucleodisca.cl\/quienes-somos\/investigadores-cientificos\/"},{"@type":"ListItem","position":4,"name":"Investigadores Principales","item":"https:\/\/nucleodisca.cl\/quienes-somos\/investigadores-cientificos\/investigadores-principales\/"},{"@type":"ListItem","position":5,"name":"Juan Andr\u00e9s Pino Mor\u00e1n"}]},{"@type":"WebSite","@id":"https:\/\/nucleodisca.cl\/#website","url":"https:\/\/nucleodisca.cl\/","name":"N\u00facleo Disca","description":"Disability and citizenship","publisher":{"@id":"https:\/\/nucleodisca.cl\/#organization"},"potentialAction":[{"@type":"SearchAction","target":{"@type":"EntryPoint","urlTemplate":"https:\/\/nucleodisca.cl\/?s={search_term_string}"},"query-input":{"@type":"PropertyValueSpecification","valueRequired":true,"valueName":"search_term_string"}}],"inLanguage":"en-US"},{"@type":"Organization","@id":"https:\/\/nucleodisca.cl\/#organization","name":"N\u00facleo Milenio Disca","url":"https:\/\/nucleodisca.cl\/","logo":{"@type":"ImageObject","inLanguage":"en-US","@id":"https:\/\/nucleodisca.cl\/#\/schema\/logo\/image\/","url":"https:\/\/nucleodisca.cl\/cms\/wp-content\/uploads\/2023\/10\/DISCA-2-NEGRO-COLOR-A.png","contentUrl":"https:\/\/nucleodisca.cl\/cms\/wp-content\/uploads\/2023\/10\/DISCA-2-NEGRO-COLOR-A.png","width":3319,"height":1759,"caption":"N\u00facleo Milenio Disca"},"image":{"@id":"https:\/\/nucleodisca.cl\/#\/schema\/logo\/image\/"},"sameAs":["https:\/\/www.facebook.com\/nucleodisca","https:\/\/x.com\/NucleoDISCA","https:\/\/www.instagram.com\/nucleodisca\/","https:\/\/www.linkedin.com\/in\/andreaocampocea\/"]}]}},"_links":{"self":[{"href":"https:\/\/nucleodisca.cl\/en\/wp-json\/wp\/v2\/pages\/34","targetHints":{"allow":["GET"]}}],"collection":[{"href":"https:\/\/nucleodisca.cl\/en\/wp-json\/wp\/v2\/pages"}],"about":[{"href":"https:\/\/nucleodisca.cl\/en\/wp-json\/wp\/v2\/types\/page"}],"author":[{"embeddable":true,"href":"https:\/\/nucleodisca.cl\/en\/wp-json\/wp\/v2\/users\/2"}],"replies":[{"embeddable":true,"href":"https:\/\/nucleodisca.cl\/en\/wp-json\/wp\/v2\/comments?post=34"}],"version-history":[{"count":5,"href":"https:\/\/nucleodisca.cl\/en\/wp-json\/wp\/v2\/pages\/34\/revisions"}],"predecessor-version":[{"id":2048,"href":"https:\/\/nucleodisca.cl\/en\/wp-json\/wp\/v2\/pages\/34\/revisions\/2048"}],"up":[{"embeddable":true,"href":"https:\/\/nucleodisca.cl\/en\/wp-json\/wp\/v2\/pages\/32"}],"wp:featuredmedia":[{"embeddable":true,"href":"https:\/\/nucleodisca.cl\/en\/wp-json\/wp\/v2\/media\/2047"}],"wp:attachment":[{"href":"https:\/\/nucleodisca.cl\/en\/wp-json\/wp\/v2\/media?parent=34"}],"curies":[{"name":"wp","href":"https:\/\/api.w.org\/{rel}","templated":true}]}}