{"id":458,"date":"2023-05-31T14:03:21","date_gmt":"2023-05-31T17:03:21","guid":{"rendered":"https:\/\/nucleodisca.cl\/?page_id=458"},"modified":"2026-04-01T14:10:58","modified_gmt":"2026-04-01T18:10:58","slug":"pia-rodriguez","status":"publish","type":"page","link":"https:\/\/nucleodisca.cl\/en\/quienes-somos\/investigadores-cientificos\/investigadores-adjuntos\/pia-rodriguez\/","title":{"rendered":"P\u00eda Rodr\u00edguez"},"content":{"rendered":"<p><a href=\"https:\/\/www.researchgate.net\/profile\/Pia-Rodriguez-Garrido\/research\">Research Gate Academic profile<\/a><\/p>\n<p>P\u00eda is Inti&#8217;s mother, a midwife from Universidad Mayor, Master in Sexual and Reproductive Health from Universidad de Concepci\u00f3n, Master in Health Care and Collaborative Practices and PhD in Nursing and Health from Universidad de Barcelona and the Rovira i Virgili University.<\/p>\n<p data-path-to-node=\"1\">She is a young researcher at the Millennium Institute for Care Research (MICARE) in Chile, a researcher in the Women, Health, and Ethics Study Group at the University of Barcelona in Spain, and a researcher at the Nascer.pt Laboratory for Social Studies on Birth at the University Institute of Lisbon in Portugal.<\/p>\n<p data-path-to-node=\"2\">Additionally, she is a member of the editorial team for the <i data-path-to-node=\"2\" data-index-in-node=\"60\">Musas \u2013 Women, Health, and Society Research Journal<\/i> at the University of Barcelona.<\/p>\n<p data-path-to-node=\"3\">Currently, P\u00eda is an Assistant Professor at the Faculty of Health and Social Sciences at the Universidad de Las Am\u00e9ricas, and she leads a Fondecyt project on gynecological and obstetric violence against women with disabilities and its impact on their mental health.<\/p>\n<p data-path-to-node=\"4\">Her research lines address sexual and reproductive rights; critical disability studies; care, motherhood, and mothering studies; and Latin American feminist epistemologies.<\/p>\n<p><\/p>","protected":false},"excerpt":{"rendered":"<p>Research Gate Academic profile P\u00eda is Inti&#8217;s mother, a midwife from Universidad Mayor, Master in Sexual and Reproductive Health from Universidad de Concepci\u00f3n, Master in Health Care and Collaborative Practices and PhD in Nursing and Health from Universidad de Barcelona and the Rovira i Virgili University. She is a young researcher at the Millennium Institute [&hellip;]<\/p>\n","protected":false},"author":4,"featured_media":455,"parent":383,"menu_order":0,"comment_status":"closed","ping_status":"closed","template":"","meta":{"_acf_changed":false,"footnotes":""},"class_list":["post-458","page","type-page","status-publish","has-post-thumbnail","hentry"],"acf":[],"yoast_head":"<!-- This site is optimized with the Yoast SEO plugin v25.6 - https:\/\/yoast.com\/wordpress\/plugins\/seo\/ -->\n<title>P\u00eda Rodr\u00edguez - N\u00facleo Disca<\/title>\n<meta name=\"robots\" content=\"index, follow, max-snippet:-1, max-image-preview:large, max-video-preview:-1\" \/>\n<link rel=\"canonical\" href=\"https:\/\/nucleodisca.cl\/quienes-somos\/investigadores-cientificos\/investigadores-adjuntos\/pia-rodriguez\/\" \/>\n<meta property=\"og:locale\" content=\"en_US\" \/>\n<meta property=\"og:type\" content=\"article\" \/>\n<meta property=\"og:title\" content=\"P\u00eda Rodr\u00edguez - N\u00facleo Disca\" \/>\n<meta property=\"og:description\" content=\"Research Gate Academic profile P\u00eda is Inti&#8217;s mother, a midwife from Universidad Mayor, Master in Sexual and Reproductive Health from Universidad de Concepci\u00f3n, Master in Health Care and Collaborative Practices and PhD in Nursing and Health from Universidad de Barcelona and the Rovira i Virgili University. She is a young researcher at the Millennium Institute [&hellip;]\" \/>\n<meta property=\"og:url\" content=\"https:\/\/nucleodisca.cl\/quienes-somos\/investigadores-cientificos\/investigadores-adjuntos\/pia-rodriguez\/\" \/>\n<meta property=\"og:site_name\" content=\"N\u00facleo Disca\" \/>\n<meta property=\"article:publisher\" content=\"https:\/\/www.facebook.com\/nucleodisca\" \/>\n<meta property=\"article:modified_time\" content=\"2026-04-01T18:10:58+00:00\" \/>\n<meta property=\"og:image\" content=\"https:\/\/nucleodisca.cl\/cms\/wp-content\/uploads\/2023\/05\/Pia-Rodriguez-e1699376553232.jpg\" \/>\n\t<meta property=\"og:image:width\" content=\"475\" \/>\n\t<meta property=\"og:image:height\" content=\"437\" \/>\n\t<meta property=\"og:image:type\" content=\"image\/jpeg\" \/>\n<meta name=\"twitter:card\" content=\"summary_large_image\" \/>\n<meta name=\"twitter:site\" content=\"@NucleoDISCA\" \/>\n<meta name=\"twitter:label1\" content=\"Est. reading time\" \/>\n\t<meta name=\"twitter:data1\" content=\"2 minutes\" \/>\n<script type=\"application\/ld+json\" class=\"yoast-schema-graph\">{\"@context\":\"https:\/\/schema.org\",\"@graph\":[{\"@type\":\"WebPage\",\"@id\":\"https:\/\/nucleodisca.cl\/quienes-somos\/investigadores-cientificos\/investigadores-adjuntos\/pia-rodriguez\/\",\"url\":\"https:\/\/nucleodisca.cl\/quienes-somos\/investigadores-cientificos\/investigadores-adjuntos\/pia-rodriguez\/\",\"name\":\"P\u00eda Rodr\u00edguez - N\u00facleo Disca\",\"isPartOf\":{\"@id\":\"https:\/\/nucleodisca.cl\/#website\"},\"primaryImageOfPage\":{\"@id\":\"https:\/\/nucleodisca.cl\/quienes-somos\/investigadores-cientificos\/investigadores-adjuntos\/pia-rodriguez\/#primaryimage\"},\"image\":{\"@id\":\"https:\/\/nucleodisca.cl\/quienes-somos\/investigadores-cientificos\/investigadores-adjuntos\/pia-rodriguez\/#primaryimage\"},\"thumbnailUrl\":\"https:\/\/nucleodisca.cl\/cms\/wp-content\/uploads\/2023\/05\/Pia-Rodriguez-e1699376553232.jpg\",\"datePublished\":\"2023-05-31T17:03:21+00:00\",\"dateModified\":\"2026-04-01T18:10:58+00:00\",\"breadcrumb\":{\"@id\":\"https:\/\/nucleodisca.cl\/quienes-somos\/investigadores-cientificos\/investigadores-adjuntos\/pia-rodriguez\/#breadcrumb\"},\"inLanguage\":\"en-US\",\"potentialAction\":[{\"@type\":\"ReadAction\",\"target\":[\"https:\/\/nucleodisca.cl\/quienes-somos\/investigadores-cientificos\/investigadores-adjuntos\/pia-rodriguez\/\"]}]},{\"@type\":\"ImageObject\",\"inLanguage\":\"en-US\",\"@id\":\"https:\/\/nucleodisca.cl\/quienes-somos\/investigadores-cientificos\/investigadores-adjuntos\/pia-rodriguez\/#primaryimage\",\"url\":\"https:\/\/nucleodisca.cl\/cms\/wp-content\/uploads\/2023\/05\/Pia-Rodriguez-e1699376553232.jpg\",\"contentUrl\":\"https:\/\/nucleodisca.cl\/cms\/wp-content\/uploads\/2023\/05\/Pia-Rodriguez-e1699376553232.jpg\",\"width\":475,\"height\":437,\"caption\":\"Fotograf\u00eda de P\u00eda Rodr\u00edguez.\"},{\"@type\":\"BreadcrumbList\",\"@id\":\"https:\/\/nucleodisca.cl\/quienes-somos\/investigadores-cientificos\/investigadores-adjuntos\/pia-rodriguez\/#breadcrumb\",\"itemListElement\":[{\"@type\":\"ListItem\",\"position\":1,\"name\":\"Portada\",\"item\":\"https:\/\/nucleodisca.cl\/\"},{\"@type\":\"ListItem\",\"position\":2,\"name\":\"Qui\u00e9nes somos\",\"item\":\"https:\/\/nucleodisca.cl\/quienes-somos\/\"},{\"@type\":\"ListItem\",\"position\":3,\"name\":\"Investigadores\",\"item\":\"https:\/\/nucleodisca.cl\/quienes-somos\/investigadores-cientificos\/\"},{\"@type\":\"ListItem\",\"position\":4,\"name\":\"Investigadores Adjuntos\",\"item\":\"https:\/\/nucleodisca.cl\/quienes-somos\/investigadores-cientificos\/investigadores-adjuntos\/\"},{\"@type\":\"ListItem\",\"position\":5,\"name\":\"P\u00eda Rodr\u00edguez\"}]},{\"@type\":\"WebSite\",\"@id\":\"https:\/\/nucleodisca.cl\/#website\",\"url\":\"https:\/\/nucleodisca.cl\/\",\"name\":\"N\u00facleo Disca\",\"description\":\"Disability and citizenship\",\"publisher\":{\"@id\":\"https:\/\/nucleodisca.cl\/#organization\"},\"potentialAction\":[{\"@type\":\"SearchAction\",\"target\":{\"@type\":\"EntryPoint\",\"urlTemplate\":\"https:\/\/nucleodisca.cl\/?s={search_term_string}\"},\"query-input\":{\"@type\":\"PropertyValueSpecification\",\"valueRequired\":true,\"valueName\":\"search_term_string\"}}],\"inLanguage\":\"en-US\"},{\"@type\":\"Organization\",\"@id\":\"https:\/\/nucleodisca.cl\/#organization\",\"name\":\"N\u00facleo Milenio Disca\",\"url\":\"https:\/\/nucleodisca.cl\/\",\"logo\":{\"@type\":\"ImageObject\",\"inLanguage\":\"en-US\",\"@id\":\"https:\/\/nucleodisca.cl\/#\/schema\/logo\/image\/\",\"url\":\"https:\/\/nucleodisca.cl\/cms\/wp-content\/uploads\/2023\/10\/DISCA-2-NEGRO-COLOR-A.png\",\"contentUrl\":\"https:\/\/nucleodisca.cl\/cms\/wp-content\/uploads\/2023\/10\/DISCA-2-NEGRO-COLOR-A.png\",\"width\":3319,\"height\":1759,\"caption\":\"N\u00facleo Milenio Disca\"},\"image\":{\"@id\":\"https:\/\/nucleodisca.cl\/#\/schema\/logo\/image\/\"},\"sameAs\":[\"https:\/\/www.facebook.com\/nucleodisca\",\"https:\/\/x.com\/NucleoDISCA\",\"https:\/\/www.instagram.com\/nucleodisca\/\",\"https:\/\/www.linkedin.com\/in\/andreaocampocea\/\"]}]}<\/script>\n<!-- \/ Yoast SEO plugin. -->","yoast_head_json":{"title":"P\u00eda Rodr\u00edguez - N\u00facleo Disca","robots":{"index":"index","follow":"follow","max-snippet":"max-snippet:-1","max-image-preview":"max-image-preview:large","max-video-preview":"max-video-preview:-1"},"canonical":"https:\/\/nucleodisca.cl\/quienes-somos\/investigadores-cientificos\/investigadores-adjuntos\/pia-rodriguez\/","og_locale":"en_US","og_type":"article","og_title":"P\u00eda Rodr\u00edguez - N\u00facleo Disca","og_description":"Research Gate Academic profile P\u00eda is Inti&#8217;s mother, a midwife from Universidad Mayor, Master in Sexual and Reproductive Health from Universidad de Concepci\u00f3n, Master in Health Care and Collaborative Practices and PhD in Nursing and Health from Universidad de Barcelona and the Rovira i Virgili University. She is a young researcher at the Millennium Institute [&hellip;]","og_url":"https:\/\/nucleodisca.cl\/quienes-somos\/investigadores-cientificos\/investigadores-adjuntos\/pia-rodriguez\/","og_site_name":"N\u00facleo Disca","article_publisher":"https:\/\/www.facebook.com\/nucleodisca","article_modified_time":"2026-04-01T18:10:58+00:00","og_image":[{"width":475,"height":437,"url":"https:\/\/nucleodisca.cl\/cms\/wp-content\/uploads\/2023\/05\/Pia-Rodriguez-e1699376553232.jpg","type":"image\/jpeg"}],"twitter_card":"summary_large_image","twitter_site":"@NucleoDISCA","twitter_misc":{"Est. reading time":"2 minutes"},"schema":{"@context":"https:\/\/schema.org","@graph":[{"@type":"WebPage","@id":"https:\/\/nucleodisca.cl\/quienes-somos\/investigadores-cientificos\/investigadores-adjuntos\/pia-rodriguez\/","url":"https:\/\/nucleodisca.cl\/quienes-somos\/investigadores-cientificos\/investigadores-adjuntos\/pia-rodriguez\/","name":"P\u00eda Rodr\u00edguez - N\u00facleo Disca","isPartOf":{"@id":"https:\/\/nucleodisca.cl\/#website"},"primaryImageOfPage":{"@id":"https:\/\/nucleodisca.cl\/quienes-somos\/investigadores-cientificos\/investigadores-adjuntos\/pia-rodriguez\/#primaryimage"},"image":{"@id":"https:\/\/nucleodisca.cl\/quienes-somos\/investigadores-cientificos\/investigadores-adjuntos\/pia-rodriguez\/#primaryimage"},"thumbnailUrl":"https:\/\/nucleodisca.cl\/cms\/wp-content\/uploads\/2023\/05\/Pia-Rodriguez-e1699376553232.jpg","datePublished":"2023-05-31T17:03:21+00:00","dateModified":"2026-04-01T18:10:58+00:00","breadcrumb":{"@id":"https:\/\/nucleodisca.cl\/quienes-somos\/investigadores-cientificos\/investigadores-adjuntos\/pia-rodriguez\/#breadcrumb"},"inLanguage":"en-US","potentialAction":[{"@type":"ReadAction","target":["https:\/\/nucleodisca.cl\/quienes-somos\/investigadores-cientificos\/investigadores-adjuntos\/pia-rodriguez\/"]}]},{"@type":"ImageObject","inLanguage":"en-US","@id":"https:\/\/nucleodisca.cl\/quienes-somos\/investigadores-cientificos\/investigadores-adjuntos\/pia-rodriguez\/#primaryimage","url":"https:\/\/nucleodisca.cl\/cms\/wp-content\/uploads\/2023\/05\/Pia-Rodriguez-e1699376553232.jpg","contentUrl":"https:\/\/nucleodisca.cl\/cms\/wp-content\/uploads\/2023\/05\/Pia-Rodriguez-e1699376553232.jpg","width":475,"height":437,"caption":"Fotograf\u00eda de P\u00eda Rodr\u00edguez."},{"@type":"BreadcrumbList","@id":"https:\/\/nucleodisca.cl\/quienes-somos\/investigadores-cientificos\/investigadores-adjuntos\/pia-rodriguez\/#breadcrumb","itemListElement":[{"@type":"ListItem","position":1,"name":"Portada","item":"https:\/\/nucleodisca.cl\/"},{"@type":"ListItem","position":2,"name":"Qui\u00e9nes somos","item":"https:\/\/nucleodisca.cl\/quienes-somos\/"},{"@type":"ListItem","position":3,"name":"Investigadores","item":"https:\/\/nucleodisca.cl\/quienes-somos\/investigadores-cientificos\/"},{"@type":"ListItem","position":4,"name":"Investigadores Adjuntos","item":"https:\/\/nucleodisca.cl\/quienes-somos\/investigadores-cientificos\/investigadores-adjuntos\/"},{"@type":"ListItem","position":5,"name":"P\u00eda Rodr\u00edguez"}]},{"@type":"WebSite","@id":"https:\/\/nucleodisca.cl\/#website","url":"https:\/\/nucleodisca.cl\/","name":"N\u00facleo Disca","description":"Disability and citizenship","publisher":{"@id":"https:\/\/nucleodisca.cl\/#organization"},"potentialAction":[{"@type":"SearchAction","target":{"@type":"EntryPoint","urlTemplate":"https:\/\/nucleodisca.cl\/?s={search_term_string}"},"query-input":{"@type":"PropertyValueSpecification","valueRequired":true,"valueName":"search_term_string"}}],"inLanguage":"en-US"},{"@type":"Organization","@id":"https:\/\/nucleodisca.cl\/#organization","name":"N\u00facleo Milenio Disca","url":"https:\/\/nucleodisca.cl\/","logo":{"@type":"ImageObject","inLanguage":"en-US","@id":"https:\/\/nucleodisca.cl\/#\/schema\/logo\/image\/","url":"https:\/\/nucleodisca.cl\/cms\/wp-content\/uploads\/2023\/10\/DISCA-2-NEGRO-COLOR-A.png","contentUrl":"https:\/\/nucleodisca.cl\/cms\/wp-content\/uploads\/2023\/10\/DISCA-2-NEGRO-COLOR-A.png","width":3319,"height":1759,"caption":"N\u00facleo Milenio Disca"},"image":{"@id":"https:\/\/nucleodisca.cl\/#\/schema\/logo\/image\/"},"sameAs":["https:\/\/www.facebook.com\/nucleodisca","https:\/\/x.com\/NucleoDISCA","https:\/\/www.instagram.com\/nucleodisca\/","https:\/\/www.linkedin.com\/in\/andreaocampocea\/"]}]}},"_links":{"self":[{"href":"https:\/\/nucleodisca.cl\/en\/wp-json\/wp\/v2\/pages\/458","targetHints":{"allow":["GET"]}}],"collection":[{"href":"https:\/\/nucleodisca.cl\/en\/wp-json\/wp\/v2\/pages"}],"about":[{"href":"https:\/\/nucleodisca.cl\/en\/wp-json\/wp\/v2\/types\/page"}],"author":[{"embeddable":true,"href":"https:\/\/nucleodisca.cl\/en\/wp-json\/wp\/v2\/users\/4"}],"replies":[{"embeddable":true,"href":"https:\/\/nucleodisca.cl\/en\/wp-json\/wp\/v2\/comments?post=458"}],"version-history":[{"count":7,"href":"https:\/\/nucleodisca.cl\/en\/wp-json\/wp\/v2\/pages\/458\/revisions"}],"predecessor-version":[{"id":2101,"href":"https:\/\/nucleodisca.cl\/en\/wp-json\/wp\/v2\/pages\/458\/revisions\/2101"}],"up":[{"embeddable":true,"href":"https:\/\/nucleodisca.cl\/en\/wp-json\/wp\/v2\/pages\/383"}],"wp:featuredmedia":[{"embeddable":true,"href":"https:\/\/nucleodisca.cl\/en\/wp-json\/wp\/v2\/media\/455"}],"wp:attachment":[{"href":"https:\/\/nucleodisca.cl\/en\/wp-json\/wp\/v2\/media?parent=458"}],"curies":[{"name":"wp","href":"https:\/\/api.w.org\/{rel}","templated":true}]}}