{"id":460,"date":"2023-05-31T14:05:52","date_gmt":"2023-05-31T17:05:52","guid":{"rendered":"https:\/\/nucleodisca.cl\/?page_id=460"},"modified":"2026-04-01T13:53:32","modified_gmt":"2026-04-01T17:53:32","slug":"daniel-munoz","status":"publish","type":"page","link":"https:\/\/nucleodisca.cl\/en\/quienes-somos\/investigadores-cientificos\/investigadores-adjuntos\/daniel-munoz\/","title":{"rendered":"Daniel Mu\u00f1oz"},"content":{"rendered":"<p><a href=\"https:\/\/www.researchgate.net\/profile\/Daniel-Munoz-Zech?ev=hdr_xprf\">Research Gate Academic profile<\/a><\/p>\n<p>Daniel is a sociologist from the Pontificia Universidad Cat\u00f3lica de Chile and holds a PhD in Human Geography from the University of Edinburgh. He is also a postdoctoral researcher at the Housing Institute of the Faculty of Architecture and Urbanism of the University of Chile.<\/p>\n<p>His research interests include everyday mobility, infrastructure, accessibility, corporealities and disability. At the methodological level, Daniel specializes in qualitative research techniques, especially ethnography, video analysis, ethnomethodology and innovative methodologies based on games and narrative.<\/p>\n<p>His Fondecyt Postdoctoral project focuses on understanding the interdependent relationships and care practices that enable and sustain the everyday journeys of people with visual impairment.<\/p>\n<p>Daniel is a young researcher at the MICARE Millennium Institute. He also coordinates the Research Network on Body and Mobility (RICMO) and actively participates in the NGO La Reconquista Peatonal.<\/p>","protected":false},"excerpt":{"rendered":"<p>Research Gate Academic profile Daniel is a sociologist from the Pontificia Universidad Cat\u00f3lica de Chile and holds a PhD in Human Geography from the University of Edinburgh. He is also a postdoctoral researcher at the Housing Institute of the Faculty of Architecture and Urbanism of the University of Chile. His research interests include everyday mobility, [&hellip;]<\/p>\n","protected":false},"author":4,"featured_media":532,"parent":383,"menu_order":0,"comment_status":"closed","ping_status":"closed","template":"","meta":{"_acf_changed":false,"footnotes":""},"class_list":["post-460","page","type-page","status-publish","has-post-thumbnail","hentry"],"acf":[],"yoast_head":"<!-- This site is optimized with the Yoast SEO plugin v25.6 - https:\/\/yoast.com\/wordpress\/plugins\/seo\/ -->\n<title>Daniel Mu\u00f1oz - N\u00facleo Disca<\/title>\n<meta name=\"robots\" content=\"index, follow, max-snippet:-1, max-image-preview:large, max-video-preview:-1\" \/>\n<link rel=\"canonical\" href=\"https:\/\/nucleodisca.cl\/quienes-somos\/investigadores-cientificos\/investigadores-adjuntos\/daniel-munoz\/\" \/>\n<meta property=\"og:locale\" content=\"en_US\" \/>\n<meta property=\"og:type\" content=\"article\" \/>\n<meta property=\"og:title\" content=\"Daniel Mu\u00f1oz - N\u00facleo Disca\" \/>\n<meta property=\"og:description\" content=\"Research Gate Academic profile Daniel is a sociologist from the Pontificia Universidad Cat\u00f3lica de Chile and holds a PhD in Human Geography from the University of Edinburgh. He is also a postdoctoral researcher at the Housing Institute of the Faculty of Architecture and Urbanism of the University of Chile. His research interests include everyday mobility, [&hellip;]\" \/>\n<meta property=\"og:url\" content=\"https:\/\/nucleodisca.cl\/quienes-somos\/investigadores-cientificos\/investigadores-adjuntos\/daniel-munoz\/\" \/>\n<meta property=\"og:site_name\" content=\"N\u00facleo Disca\" \/>\n<meta property=\"article:publisher\" content=\"https:\/\/www.facebook.com\/nucleodisca\" \/>\n<meta property=\"article:modified_time\" content=\"2026-04-01T17:53:32+00:00\" \/>\n<meta property=\"og:image\" content=\"https:\/\/nucleodisca.cl\/cms\/wp-content\/uploads\/2023\/06\/Daniel-Munoz-scaled-e1699376467303.jpg\" \/>\n\t<meta property=\"og:image:width\" content=\"1924\" \/>\n\t<meta property=\"og:image:height\" content=\"1941\" \/>\n\t<meta property=\"og:image:type\" content=\"image\/jpeg\" \/>\n<meta name=\"twitter:card\" content=\"summary_large_image\" \/>\n<meta name=\"twitter:site\" content=\"@NucleoDISCA\" \/>\n<meta name=\"twitter:label1\" content=\"Est. reading time\" \/>\n\t<meta name=\"twitter:data1\" content=\"1 minute\" \/>\n<script type=\"application\/ld+json\" class=\"yoast-schema-graph\">{\"@context\":\"https:\/\/schema.org\",\"@graph\":[{\"@type\":\"WebPage\",\"@id\":\"https:\/\/nucleodisca.cl\/quienes-somos\/investigadores-cientificos\/investigadores-adjuntos\/daniel-munoz\/\",\"url\":\"https:\/\/nucleodisca.cl\/quienes-somos\/investigadores-cientificos\/investigadores-adjuntos\/daniel-munoz\/\",\"name\":\"Daniel Mu\u00f1oz - N\u00facleo Disca\",\"isPartOf\":{\"@id\":\"https:\/\/nucleodisca.cl\/#website\"},\"primaryImageOfPage\":{\"@id\":\"https:\/\/nucleodisca.cl\/quienes-somos\/investigadores-cientificos\/investigadores-adjuntos\/daniel-munoz\/#primaryimage\"},\"image\":{\"@id\":\"https:\/\/nucleodisca.cl\/quienes-somos\/investigadores-cientificos\/investigadores-adjuntos\/daniel-munoz\/#primaryimage\"},\"thumbnailUrl\":\"https:\/\/nucleodisca.cl\/cms\/wp-content\/uploads\/2023\/06\/Daniel-Munoz-scaled-e1699376467303.jpg\",\"datePublished\":\"2023-05-31T17:05:52+00:00\",\"dateModified\":\"2026-04-01T17:53:32+00:00\",\"breadcrumb\":{\"@id\":\"https:\/\/nucleodisca.cl\/quienes-somos\/investigadores-cientificos\/investigadores-adjuntos\/daniel-munoz\/#breadcrumb\"},\"inLanguage\":\"en-US\",\"potentialAction\":[{\"@type\":\"ReadAction\",\"target\":[\"https:\/\/nucleodisca.cl\/quienes-somos\/investigadores-cientificos\/investigadores-adjuntos\/daniel-munoz\/\"]}]},{\"@type\":\"ImageObject\",\"inLanguage\":\"en-US\",\"@id\":\"https:\/\/nucleodisca.cl\/quienes-somos\/investigadores-cientificos\/investigadores-adjuntos\/daniel-munoz\/#primaryimage\",\"url\":\"https:\/\/nucleodisca.cl\/cms\/wp-content\/uploads\/2023\/06\/Daniel-Munoz-scaled-e1699376467303.jpg\",\"contentUrl\":\"https:\/\/nucleodisca.cl\/cms\/wp-content\/uploads\/2023\/06\/Daniel-Munoz-scaled-e1699376467303.jpg\",\"width\":1924,\"height\":1941,\"caption\":\"Fotograf\u00eda de Daniel Mu\u00f1oz.\"},{\"@type\":\"BreadcrumbList\",\"@id\":\"https:\/\/nucleodisca.cl\/quienes-somos\/investigadores-cientificos\/investigadores-adjuntos\/daniel-munoz\/#breadcrumb\",\"itemListElement\":[{\"@type\":\"ListItem\",\"position\":1,\"name\":\"Portada\",\"item\":\"https:\/\/nucleodisca.cl\/\"},{\"@type\":\"ListItem\",\"position\":2,\"name\":\"Qui\u00e9nes somos\",\"item\":\"https:\/\/nucleodisca.cl\/quienes-somos\/\"},{\"@type\":\"ListItem\",\"position\":3,\"name\":\"Investigadores\",\"item\":\"https:\/\/nucleodisca.cl\/quienes-somos\/investigadores-cientificos\/\"},{\"@type\":\"ListItem\",\"position\":4,\"name\":\"Investigadores Adjuntos\",\"item\":\"https:\/\/nucleodisca.cl\/quienes-somos\/investigadores-cientificos\/investigadores-adjuntos\/\"},{\"@type\":\"ListItem\",\"position\":5,\"name\":\"Daniel Mu\u00f1oz\"}]},{\"@type\":\"WebSite\",\"@id\":\"https:\/\/nucleodisca.cl\/#website\",\"url\":\"https:\/\/nucleodisca.cl\/\",\"name\":\"N\u00facleo Disca\",\"description\":\"Disability and citizenship\",\"publisher\":{\"@id\":\"https:\/\/nucleodisca.cl\/#organization\"},\"potentialAction\":[{\"@type\":\"SearchAction\",\"target\":{\"@type\":\"EntryPoint\",\"urlTemplate\":\"https:\/\/nucleodisca.cl\/?s={search_term_string}\"},\"query-input\":{\"@type\":\"PropertyValueSpecification\",\"valueRequired\":true,\"valueName\":\"search_term_string\"}}],\"inLanguage\":\"en-US\"},{\"@type\":\"Organization\",\"@id\":\"https:\/\/nucleodisca.cl\/#organization\",\"name\":\"N\u00facleo Milenio Disca\",\"url\":\"https:\/\/nucleodisca.cl\/\",\"logo\":{\"@type\":\"ImageObject\",\"inLanguage\":\"en-US\",\"@id\":\"https:\/\/nucleodisca.cl\/#\/schema\/logo\/image\/\",\"url\":\"https:\/\/nucleodisca.cl\/cms\/wp-content\/uploads\/2023\/10\/DISCA-2-NEGRO-COLOR-A.png\",\"contentUrl\":\"https:\/\/nucleodisca.cl\/cms\/wp-content\/uploads\/2023\/10\/DISCA-2-NEGRO-COLOR-A.png\",\"width\":3319,\"height\":1759,\"caption\":\"N\u00facleo Milenio Disca\"},\"image\":{\"@id\":\"https:\/\/nucleodisca.cl\/#\/schema\/logo\/image\/\"},\"sameAs\":[\"https:\/\/www.facebook.com\/nucleodisca\",\"https:\/\/x.com\/NucleoDISCA\",\"https:\/\/www.instagram.com\/nucleodisca\/\",\"https:\/\/www.linkedin.com\/in\/andreaocampocea\/\"]}]}<\/script>\n<!-- \/ Yoast SEO plugin. -->","yoast_head_json":{"title":"Daniel Mu\u00f1oz - N\u00facleo Disca","robots":{"index":"index","follow":"follow","max-snippet":"max-snippet:-1","max-image-preview":"max-image-preview:large","max-video-preview":"max-video-preview:-1"},"canonical":"https:\/\/nucleodisca.cl\/quienes-somos\/investigadores-cientificos\/investigadores-adjuntos\/daniel-munoz\/","og_locale":"en_US","og_type":"article","og_title":"Daniel Mu\u00f1oz - N\u00facleo Disca","og_description":"Research Gate Academic profile Daniel is a sociologist from the Pontificia Universidad Cat\u00f3lica de Chile and holds a PhD in Human Geography from the University of Edinburgh. He is also a postdoctoral researcher at the Housing Institute of the Faculty of Architecture and Urbanism of the University of Chile. His research interests include everyday mobility, [&hellip;]","og_url":"https:\/\/nucleodisca.cl\/quienes-somos\/investigadores-cientificos\/investigadores-adjuntos\/daniel-munoz\/","og_site_name":"N\u00facleo Disca","article_publisher":"https:\/\/www.facebook.com\/nucleodisca","article_modified_time":"2026-04-01T17:53:32+00:00","og_image":[{"width":1924,"height":1941,"url":"https:\/\/nucleodisca.cl\/cms\/wp-content\/uploads\/2023\/06\/Daniel-Munoz-scaled-e1699376467303.jpg","type":"image\/jpeg"}],"twitter_card":"summary_large_image","twitter_site":"@NucleoDISCA","twitter_misc":{"Est. reading time":"1 minute"},"schema":{"@context":"https:\/\/schema.org","@graph":[{"@type":"WebPage","@id":"https:\/\/nucleodisca.cl\/quienes-somos\/investigadores-cientificos\/investigadores-adjuntos\/daniel-munoz\/","url":"https:\/\/nucleodisca.cl\/quienes-somos\/investigadores-cientificos\/investigadores-adjuntos\/daniel-munoz\/","name":"Daniel Mu\u00f1oz - N\u00facleo Disca","isPartOf":{"@id":"https:\/\/nucleodisca.cl\/#website"},"primaryImageOfPage":{"@id":"https:\/\/nucleodisca.cl\/quienes-somos\/investigadores-cientificos\/investigadores-adjuntos\/daniel-munoz\/#primaryimage"},"image":{"@id":"https:\/\/nucleodisca.cl\/quienes-somos\/investigadores-cientificos\/investigadores-adjuntos\/daniel-munoz\/#primaryimage"},"thumbnailUrl":"https:\/\/nucleodisca.cl\/cms\/wp-content\/uploads\/2023\/06\/Daniel-Munoz-scaled-e1699376467303.jpg","datePublished":"2023-05-31T17:05:52+00:00","dateModified":"2026-04-01T17:53:32+00:00","breadcrumb":{"@id":"https:\/\/nucleodisca.cl\/quienes-somos\/investigadores-cientificos\/investigadores-adjuntos\/daniel-munoz\/#breadcrumb"},"inLanguage":"en-US","potentialAction":[{"@type":"ReadAction","target":["https:\/\/nucleodisca.cl\/quienes-somos\/investigadores-cientificos\/investigadores-adjuntos\/daniel-munoz\/"]}]},{"@type":"ImageObject","inLanguage":"en-US","@id":"https:\/\/nucleodisca.cl\/quienes-somos\/investigadores-cientificos\/investigadores-adjuntos\/daniel-munoz\/#primaryimage","url":"https:\/\/nucleodisca.cl\/cms\/wp-content\/uploads\/2023\/06\/Daniel-Munoz-scaled-e1699376467303.jpg","contentUrl":"https:\/\/nucleodisca.cl\/cms\/wp-content\/uploads\/2023\/06\/Daniel-Munoz-scaled-e1699376467303.jpg","width":1924,"height":1941,"caption":"Fotograf\u00eda de Daniel Mu\u00f1oz."},{"@type":"BreadcrumbList","@id":"https:\/\/nucleodisca.cl\/quienes-somos\/investigadores-cientificos\/investigadores-adjuntos\/daniel-munoz\/#breadcrumb","itemListElement":[{"@type":"ListItem","position":1,"name":"Portada","item":"https:\/\/nucleodisca.cl\/"},{"@type":"ListItem","position":2,"name":"Qui\u00e9nes somos","item":"https:\/\/nucleodisca.cl\/quienes-somos\/"},{"@type":"ListItem","position":3,"name":"Investigadores","item":"https:\/\/nucleodisca.cl\/quienes-somos\/investigadores-cientificos\/"},{"@type":"ListItem","position":4,"name":"Investigadores Adjuntos","item":"https:\/\/nucleodisca.cl\/quienes-somos\/investigadores-cientificos\/investigadores-adjuntos\/"},{"@type":"ListItem","position":5,"name":"Daniel Mu\u00f1oz"}]},{"@type":"WebSite","@id":"https:\/\/nucleodisca.cl\/#website","url":"https:\/\/nucleodisca.cl\/","name":"N\u00facleo Disca","description":"Disability and citizenship","publisher":{"@id":"https:\/\/nucleodisca.cl\/#organization"},"potentialAction":[{"@type":"SearchAction","target":{"@type":"EntryPoint","urlTemplate":"https:\/\/nucleodisca.cl\/?s={search_term_string}"},"query-input":{"@type":"PropertyValueSpecification","valueRequired":true,"valueName":"search_term_string"}}],"inLanguage":"en-US"},{"@type":"Organization","@id":"https:\/\/nucleodisca.cl\/#organization","name":"N\u00facleo Milenio Disca","url":"https:\/\/nucleodisca.cl\/","logo":{"@type":"ImageObject","inLanguage":"en-US","@id":"https:\/\/nucleodisca.cl\/#\/schema\/logo\/image\/","url":"https:\/\/nucleodisca.cl\/cms\/wp-content\/uploads\/2023\/10\/DISCA-2-NEGRO-COLOR-A.png","contentUrl":"https:\/\/nucleodisca.cl\/cms\/wp-content\/uploads\/2023\/10\/DISCA-2-NEGRO-COLOR-A.png","width":3319,"height":1759,"caption":"N\u00facleo Milenio Disca"},"image":{"@id":"https:\/\/nucleodisca.cl\/#\/schema\/logo\/image\/"},"sameAs":["https:\/\/www.facebook.com\/nucleodisca","https:\/\/x.com\/NucleoDISCA","https:\/\/www.instagram.com\/nucleodisca\/","https:\/\/www.linkedin.com\/in\/andreaocampocea\/"]}]}},"_links":{"self":[{"href":"https:\/\/nucleodisca.cl\/en\/wp-json\/wp\/v2\/pages\/460","targetHints":{"allow":["GET"]}}],"collection":[{"href":"https:\/\/nucleodisca.cl\/en\/wp-json\/wp\/v2\/pages"}],"about":[{"href":"https:\/\/nucleodisca.cl\/en\/wp-json\/wp\/v2\/types\/page"}],"author":[{"embeddable":true,"href":"https:\/\/nucleodisca.cl\/en\/wp-json\/wp\/v2\/users\/4"}],"replies":[{"embeddable":true,"href":"https:\/\/nucleodisca.cl\/en\/wp-json\/wp\/v2\/comments?post=460"}],"version-history":[{"count":4,"href":"https:\/\/nucleodisca.cl\/en\/wp-json\/wp\/v2\/pages\/460\/revisions"}],"predecessor-version":[{"id":2095,"href":"https:\/\/nucleodisca.cl\/en\/wp-json\/wp\/v2\/pages\/460\/revisions\/2095"}],"up":[{"embeddable":true,"href":"https:\/\/nucleodisca.cl\/en\/wp-json\/wp\/v2\/pages\/383"}],"wp:featuredmedia":[{"embeddable":true,"href":"https:\/\/nucleodisca.cl\/en\/wp-json\/wp\/v2\/media\/532"}],"wp:attachment":[{"href":"https:\/\/nucleodisca.cl\/en\/wp-json\/wp\/v2\/media?parent=460"}],"curies":[{"name":"wp","href":"https:\/\/api.w.org\/{rel}","templated":true}]}}