{"id":497,"date":"2023-05-31T18:21:50","date_gmt":"2023-05-31T21:21:50","guid":{"rendered":"https:\/\/nucleodisca.cl\/?page_id=497"},"modified":"2026-04-01T13:25:06","modified_gmt":"2026-04-01T17:25:06","slug":"cristobal-cabezas","status":"publish","type":"page","link":"https:\/\/nucleodisca.cl\/en\/quienes-somos\/estudiantes\/estudiantes-egresados\/cristobal-cabezas\/","title":{"rendered":"Crist\u00f3bal Cabezas"},"content":{"rendered":"<p>Crist\u00f3bal is a Public Administrator from Universidad de Concepci\u00f3n. He is currently pursuing a Master&#8217;s degree in Methods for Social Research at the Universidad Diego Portales, with a national Master&#8217;s scholarship from the National Agency for Research and Development, period 2022-2023.<\/p>\n<p>His work experience includes coordination of qualitative research in the IDEClab-UDEC project, data analysis and systematization at the Instituto Milenio Fundamento de los Datos, teaching qualitative research at Universidad Andr\u00e9s Bello, project management at Fundaci\u00f3n Luz and assistant coordinator at Centro COES.<\/p>\n<p>His research interests include irregular migration, decent work and participation of people with disabilities. Currently, he is developing his master&#8217;s thesis within the DISCA core, specifically on the theme of participation experiences of people with disabilities in neighborhood councils in the metropolitan region.<\/p>","protected":false},"excerpt":{"rendered":"<p>Crist\u00f3bal is a Public Administrator from Universidad de Concepci\u00f3n. He is currently pursuing a Master&#8217;s degree in Methods for Social Research at the Universidad Diego Portales, with a national Master&#8217;s scholarship from the National Agency for Research and Development, period 2022-2023. His work experience includes coordination of qualitative research in the IDEClab-UDEC project, data analysis [&hellip;]<\/p>\n","protected":false},"author":4,"featured_media":850,"parent":2071,"menu_order":0,"comment_status":"closed","ping_status":"closed","template":"","meta":{"_acf_changed":false,"footnotes":""},"class_list":["post-497","page","type-page","status-publish","has-post-thumbnail","hentry"],"acf":[],"yoast_head":"<!-- This site is optimized with the Yoast SEO plugin v25.6 - https:\/\/yoast.com\/wordpress\/plugins\/seo\/ -->\n<title>Crist\u00f3bal Cabezas - N\u00facleo Disca<\/title>\n<meta name=\"robots\" content=\"index, follow, max-snippet:-1, max-image-preview:large, max-video-preview:-1\" \/>\n<link rel=\"canonical\" href=\"https:\/\/nucleodisca.cl\/quienes-somos\/estudiantes\/estudiantes-egresados\/cristobal-cabezas\/\" \/>\n<meta property=\"og:locale\" content=\"en_US\" \/>\n<meta property=\"og:type\" content=\"article\" \/>\n<meta property=\"og:title\" content=\"Crist\u00f3bal Cabezas - N\u00facleo Disca\" \/>\n<meta property=\"og:description\" content=\"Crist\u00f3bal is a Public Administrator from Universidad de Concepci\u00f3n. He is currently pursuing a Master&#8217;s degree in Methods for Social Research at the Universidad Diego Portales, with a national Master&#8217;s scholarship from the National Agency for Research and Development, period 2022-2023. His work experience includes coordination of qualitative research in the IDEClab-UDEC project, data analysis [&hellip;]\" \/>\n<meta property=\"og:url\" content=\"https:\/\/nucleodisca.cl\/quienes-somos\/estudiantes\/estudiantes-egresados\/cristobal-cabezas\/\" \/>\n<meta property=\"og:site_name\" content=\"N\u00facleo Disca\" \/>\n<meta property=\"article:publisher\" content=\"https:\/\/www.facebook.com\/nucleodisca\" \/>\n<meta property=\"article:modified_time\" content=\"2026-04-01T17:25:06+00:00\" \/>\n<meta property=\"og:image\" content=\"https:\/\/nucleodisca.cl\/cms\/wp-content\/uploads\/2023\/11\/foto-Cristobal-Cabezas-Sanhueza-e1700095822434.jpeg\" \/>\n\t<meta property=\"og:image:width\" content=\"1202\" \/>\n\t<meta property=\"og:image:height\" content=\"1216\" \/>\n\t<meta property=\"og:image:type\" content=\"image\/jpeg\" \/>\n<meta name=\"twitter:card\" content=\"summary_large_image\" \/>\n<meta name=\"twitter:site\" content=\"@NucleoDISCA\" \/>\n<meta name=\"twitter:label1\" content=\"Est. reading time\" \/>\n\t<meta name=\"twitter:data1\" content=\"1 minute\" \/>\n<script type=\"application\/ld+json\" class=\"yoast-schema-graph\">{\"@context\":\"https:\/\/schema.org\",\"@graph\":[{\"@type\":\"WebPage\",\"@id\":\"https:\/\/nucleodisca.cl\/quienes-somos\/estudiantes\/estudiantes-egresados\/cristobal-cabezas\/\",\"url\":\"https:\/\/nucleodisca.cl\/quienes-somos\/estudiantes\/estudiantes-egresados\/cristobal-cabezas\/\",\"name\":\"Crist\u00f3bal Cabezas - N\u00facleo Disca\",\"isPartOf\":{\"@id\":\"https:\/\/nucleodisca.cl\/#website\"},\"primaryImageOfPage\":{\"@id\":\"https:\/\/nucleodisca.cl\/quienes-somos\/estudiantes\/estudiantes-egresados\/cristobal-cabezas\/#primaryimage\"},\"image\":{\"@id\":\"https:\/\/nucleodisca.cl\/quienes-somos\/estudiantes\/estudiantes-egresados\/cristobal-cabezas\/#primaryimage\"},\"thumbnailUrl\":\"https:\/\/nucleodisca.cl\/cms\/wp-content\/uploads\/2023\/11\/foto-Cristobal-Cabezas-Sanhueza-e1700095822434.jpeg\",\"datePublished\":\"2023-05-31T21:21:50+00:00\",\"dateModified\":\"2026-04-01T17:25:06+00:00\",\"breadcrumb\":{\"@id\":\"https:\/\/nucleodisca.cl\/quienes-somos\/estudiantes\/estudiantes-egresados\/cristobal-cabezas\/#breadcrumb\"},\"inLanguage\":\"en-US\",\"potentialAction\":[{\"@type\":\"ReadAction\",\"target\":[\"https:\/\/nucleodisca.cl\/quienes-somos\/estudiantes\/estudiantes-egresados\/cristobal-cabezas\/\"]}]},{\"@type\":\"ImageObject\",\"inLanguage\":\"en-US\",\"@id\":\"https:\/\/nucleodisca.cl\/quienes-somos\/estudiantes\/estudiantes-egresados\/cristobal-cabezas\/#primaryimage\",\"url\":\"https:\/\/nucleodisca.cl\/cms\/wp-content\/uploads\/2023\/11\/foto-Cristobal-Cabezas-Sanhueza-e1700095822434.jpeg\",\"contentUrl\":\"https:\/\/nucleodisca.cl\/cms\/wp-content\/uploads\/2023\/11\/foto-Cristobal-Cabezas-Sanhueza-e1700095822434.jpeg\",\"width\":1202,\"height\":1216,\"caption\":\"Fotograf\u00eda de Cristobal Cabezas\"},{\"@type\":\"BreadcrumbList\",\"@id\":\"https:\/\/nucleodisca.cl\/quienes-somos\/estudiantes\/estudiantes-egresados\/cristobal-cabezas\/#breadcrumb\",\"itemListElement\":[{\"@type\":\"ListItem\",\"position\":1,\"name\":\"Portada\",\"item\":\"https:\/\/nucleodisca.cl\/\"},{\"@type\":\"ListItem\",\"position\":2,\"name\":\"Qui\u00e9nes somos\",\"item\":\"https:\/\/nucleodisca.cl\/quienes-somos\/\"},{\"@type\":\"ListItem\",\"position\":3,\"name\":\"Estudiantes\",\"item\":\"https:\/\/nucleodisca.cl\/quienes-somos\/estudiantes\/\"},{\"@type\":\"ListItem\",\"position\":4,\"name\":\"Estudiantes egresados\",\"item\":\"https:\/\/nucleodisca.cl\/quienes-somos\/estudiantes\/estudiantes-egresados\/\"},{\"@type\":\"ListItem\",\"position\":5,\"name\":\"Crist\u00f3bal Cabezas\"}]},{\"@type\":\"WebSite\",\"@id\":\"https:\/\/nucleodisca.cl\/#website\",\"url\":\"https:\/\/nucleodisca.cl\/\",\"name\":\"N\u00facleo Disca\",\"description\":\"Disability and citizenship\",\"publisher\":{\"@id\":\"https:\/\/nucleodisca.cl\/#organization\"},\"potentialAction\":[{\"@type\":\"SearchAction\",\"target\":{\"@type\":\"EntryPoint\",\"urlTemplate\":\"https:\/\/nucleodisca.cl\/?s={search_term_string}\"},\"query-input\":{\"@type\":\"PropertyValueSpecification\",\"valueRequired\":true,\"valueName\":\"search_term_string\"}}],\"inLanguage\":\"en-US\"},{\"@type\":\"Organization\",\"@id\":\"https:\/\/nucleodisca.cl\/#organization\",\"name\":\"N\u00facleo Milenio Disca\",\"url\":\"https:\/\/nucleodisca.cl\/\",\"logo\":{\"@type\":\"ImageObject\",\"inLanguage\":\"en-US\",\"@id\":\"https:\/\/nucleodisca.cl\/#\/schema\/logo\/image\/\",\"url\":\"https:\/\/nucleodisca.cl\/cms\/wp-content\/uploads\/2023\/10\/DISCA-2-NEGRO-COLOR-A.png\",\"contentUrl\":\"https:\/\/nucleodisca.cl\/cms\/wp-content\/uploads\/2023\/10\/DISCA-2-NEGRO-COLOR-A.png\",\"width\":3319,\"height\":1759,\"caption\":\"N\u00facleo Milenio Disca\"},\"image\":{\"@id\":\"https:\/\/nucleodisca.cl\/#\/schema\/logo\/image\/\"},\"sameAs\":[\"https:\/\/www.facebook.com\/nucleodisca\",\"https:\/\/x.com\/NucleoDISCA\",\"https:\/\/www.instagram.com\/nucleodisca\/\",\"https:\/\/www.linkedin.com\/in\/andreaocampocea\/\"]}]}<\/script>\n<!-- \/ Yoast SEO plugin. -->","yoast_head_json":{"title":"Crist\u00f3bal Cabezas - N\u00facleo Disca","robots":{"index":"index","follow":"follow","max-snippet":"max-snippet:-1","max-image-preview":"max-image-preview:large","max-video-preview":"max-video-preview:-1"},"canonical":"https:\/\/nucleodisca.cl\/quienes-somos\/estudiantes\/estudiantes-egresados\/cristobal-cabezas\/","og_locale":"en_US","og_type":"article","og_title":"Crist\u00f3bal Cabezas - N\u00facleo Disca","og_description":"Crist\u00f3bal is a Public Administrator from Universidad de Concepci\u00f3n. He is currently pursuing a Master&#8217;s degree in Methods for Social Research at the Universidad Diego Portales, with a national Master&#8217;s scholarship from the National Agency for Research and Development, period 2022-2023. His work experience includes coordination of qualitative research in the IDEClab-UDEC project, data analysis [&hellip;]","og_url":"https:\/\/nucleodisca.cl\/quienes-somos\/estudiantes\/estudiantes-egresados\/cristobal-cabezas\/","og_site_name":"N\u00facleo Disca","article_publisher":"https:\/\/www.facebook.com\/nucleodisca","article_modified_time":"2026-04-01T17:25:06+00:00","og_image":[{"width":1202,"height":1216,"url":"https:\/\/nucleodisca.cl\/cms\/wp-content\/uploads\/2023\/11\/foto-Cristobal-Cabezas-Sanhueza-e1700095822434.jpeg","type":"image\/jpeg"}],"twitter_card":"summary_large_image","twitter_site":"@NucleoDISCA","twitter_misc":{"Est. reading time":"1 minute"},"schema":{"@context":"https:\/\/schema.org","@graph":[{"@type":"WebPage","@id":"https:\/\/nucleodisca.cl\/quienes-somos\/estudiantes\/estudiantes-egresados\/cristobal-cabezas\/","url":"https:\/\/nucleodisca.cl\/quienes-somos\/estudiantes\/estudiantes-egresados\/cristobal-cabezas\/","name":"Crist\u00f3bal Cabezas - N\u00facleo Disca","isPartOf":{"@id":"https:\/\/nucleodisca.cl\/#website"},"primaryImageOfPage":{"@id":"https:\/\/nucleodisca.cl\/quienes-somos\/estudiantes\/estudiantes-egresados\/cristobal-cabezas\/#primaryimage"},"image":{"@id":"https:\/\/nucleodisca.cl\/quienes-somos\/estudiantes\/estudiantes-egresados\/cristobal-cabezas\/#primaryimage"},"thumbnailUrl":"https:\/\/nucleodisca.cl\/cms\/wp-content\/uploads\/2023\/11\/foto-Cristobal-Cabezas-Sanhueza-e1700095822434.jpeg","datePublished":"2023-05-31T21:21:50+00:00","dateModified":"2026-04-01T17:25:06+00:00","breadcrumb":{"@id":"https:\/\/nucleodisca.cl\/quienes-somos\/estudiantes\/estudiantes-egresados\/cristobal-cabezas\/#breadcrumb"},"inLanguage":"en-US","potentialAction":[{"@type":"ReadAction","target":["https:\/\/nucleodisca.cl\/quienes-somos\/estudiantes\/estudiantes-egresados\/cristobal-cabezas\/"]}]},{"@type":"ImageObject","inLanguage":"en-US","@id":"https:\/\/nucleodisca.cl\/quienes-somos\/estudiantes\/estudiantes-egresados\/cristobal-cabezas\/#primaryimage","url":"https:\/\/nucleodisca.cl\/cms\/wp-content\/uploads\/2023\/11\/foto-Cristobal-Cabezas-Sanhueza-e1700095822434.jpeg","contentUrl":"https:\/\/nucleodisca.cl\/cms\/wp-content\/uploads\/2023\/11\/foto-Cristobal-Cabezas-Sanhueza-e1700095822434.jpeg","width":1202,"height":1216,"caption":"Fotograf\u00eda de Cristobal Cabezas"},{"@type":"BreadcrumbList","@id":"https:\/\/nucleodisca.cl\/quienes-somos\/estudiantes\/estudiantes-egresados\/cristobal-cabezas\/#breadcrumb","itemListElement":[{"@type":"ListItem","position":1,"name":"Portada","item":"https:\/\/nucleodisca.cl\/"},{"@type":"ListItem","position":2,"name":"Qui\u00e9nes somos","item":"https:\/\/nucleodisca.cl\/quienes-somos\/"},{"@type":"ListItem","position":3,"name":"Estudiantes","item":"https:\/\/nucleodisca.cl\/quienes-somos\/estudiantes\/"},{"@type":"ListItem","position":4,"name":"Estudiantes egresados","item":"https:\/\/nucleodisca.cl\/quienes-somos\/estudiantes\/estudiantes-egresados\/"},{"@type":"ListItem","position":5,"name":"Crist\u00f3bal Cabezas"}]},{"@type":"WebSite","@id":"https:\/\/nucleodisca.cl\/#website","url":"https:\/\/nucleodisca.cl\/","name":"N\u00facleo Disca","description":"Disability and citizenship","publisher":{"@id":"https:\/\/nucleodisca.cl\/#organization"},"potentialAction":[{"@type":"SearchAction","target":{"@type":"EntryPoint","urlTemplate":"https:\/\/nucleodisca.cl\/?s={search_term_string}"},"query-input":{"@type":"PropertyValueSpecification","valueRequired":true,"valueName":"search_term_string"}}],"inLanguage":"en-US"},{"@type":"Organization","@id":"https:\/\/nucleodisca.cl\/#organization","name":"N\u00facleo Milenio Disca","url":"https:\/\/nucleodisca.cl\/","logo":{"@type":"ImageObject","inLanguage":"en-US","@id":"https:\/\/nucleodisca.cl\/#\/schema\/logo\/image\/","url":"https:\/\/nucleodisca.cl\/cms\/wp-content\/uploads\/2023\/10\/DISCA-2-NEGRO-COLOR-A.png","contentUrl":"https:\/\/nucleodisca.cl\/cms\/wp-content\/uploads\/2023\/10\/DISCA-2-NEGRO-COLOR-A.png","width":3319,"height":1759,"caption":"N\u00facleo Milenio Disca"},"image":{"@id":"https:\/\/nucleodisca.cl\/#\/schema\/logo\/image\/"},"sameAs":["https:\/\/www.facebook.com\/nucleodisca","https:\/\/x.com\/NucleoDISCA","https:\/\/www.instagram.com\/nucleodisca\/","https:\/\/www.linkedin.com\/in\/andreaocampocea\/"]}]}},"_links":{"self":[{"href":"https:\/\/nucleodisca.cl\/en\/wp-json\/wp\/v2\/pages\/497","targetHints":{"allow":["GET"]}}],"collection":[{"href":"https:\/\/nucleodisca.cl\/en\/wp-json\/wp\/v2\/pages"}],"about":[{"href":"https:\/\/nucleodisca.cl\/en\/wp-json\/wp\/v2\/types\/page"}],"author":[{"embeddable":true,"href":"https:\/\/nucleodisca.cl\/en\/wp-json\/wp\/v2\/users\/4"}],"replies":[{"embeddable":true,"href":"https:\/\/nucleodisca.cl\/en\/wp-json\/wp\/v2\/comments?post=497"}],"version-history":[{"count":3,"href":"https:\/\/nucleodisca.cl\/en\/wp-json\/wp\/v2\/pages\/497\/revisions"}],"predecessor-version":[{"id":852,"href":"https:\/\/nucleodisca.cl\/en\/wp-json\/wp\/v2\/pages\/497\/revisions\/852"}],"up":[{"embeddable":true,"href":"https:\/\/nucleodisca.cl\/en\/wp-json\/wp\/v2\/pages\/2071"}],"wp:featuredmedia":[{"embeddable":true,"href":"https:\/\/nucleodisca.cl\/en\/wp-json\/wp\/v2\/media\/850"}],"wp:attachment":[{"href":"https:\/\/nucleodisca.cl\/en\/wp-json\/wp\/v2\/media?parent=497"}],"curies":[{"name":"wp","href":"https:\/\/api.w.org\/{rel}","templated":true}]}}