{"id":499,"date":"2023-05-31T18:25:44","date_gmt":"2023-05-31T21:25:44","guid":{"rendered":"https:\/\/nucleodisca.cl\/?page_id=499"},"modified":"2026-04-01T13:46:15","modified_gmt":"2026-04-01T17:46:15","slug":"pamela-gutierrez","status":"publish","type":"page","link":"https:\/\/nucleodisca.cl\/en\/quienes-somos\/investigadores-cientificos\/investigadores-adjuntos\/pamela-gutierrez\/","title":{"rendered":"Pamela Guti\u00e9rrez"},"content":{"rendered":"<p><a href=\"https:\/\/portafolio-academico.uchile.cl\/perfil\/42005-Pamela-Loreto-Gutierrez-Monclus\">Universidad de Chile Academic profile<\/a><\/p>\n<p>Pamela Loreto Guti\u00e9rrez Monclus is a researcher and academic. Associate researcher at DISCA and Associate Professor at the Department of Occupational Therapy and Occupational Science of the University of Chile, since 2008. She develops research around intellectual disability, participation and independent living.<\/p>\n<p>As an Occupational Therapist, she practiced five years in Primary Care, in the area of \u200b\u200binclusion and mental health. He then completed his Master&#8217;s and Doctorate studies in Social Psychology at the Autonomous University of Barcelona, \u200b\u200bSpain. In her doctoral thesis, she reviewed the logic of subjectivation and governmentality in the Occupational Therapy intervention in Barcelona, \u200b\u200bwhich linked her to the disability activism of the Catalan Independent Living Movement.<\/p>\n<p>She was part of the Presidential Advisory Commission of the Government of Michelle Bachelet, on the Inclusion of People with Disabilities 2015-2016.<\/p>","protected":false},"excerpt":{"rendered":"<p>Universidad de Chile Academic profile Pamela Loreto Guti\u00e9rrez Monclus is a researcher and academic. Associate researcher at DISCA and Associate Professor at the Department of Occupational Therapy and Occupational Science of the University of Chile, since 2008. She develops research around intellectual disability, participation and independent living. As an Occupational Therapist, she practiced five years [&hellip;]<\/p>\n","protected":false},"author":4,"featured_media":696,"parent":383,"menu_order":0,"comment_status":"closed","ping_status":"closed","template":"","meta":{"_acf_changed":false,"footnotes":""},"class_list":["post-499","page","type-page","status-publish","has-post-thumbnail","hentry"],"acf":[],"yoast_head":"<!-- This site is optimized with the Yoast SEO plugin v25.6 - https:\/\/yoast.com\/wordpress\/plugins\/seo\/ -->\n<title>Pamela Guti\u00e9rrez - N\u00facleo Disca<\/title>\n<meta name=\"robots\" content=\"index, follow, max-snippet:-1, max-image-preview:large, max-video-preview:-1\" \/>\n<link rel=\"canonical\" href=\"https:\/\/nucleodisca.cl\/quienes-somos\/investigadores-cientificos\/investigadores-adjuntos\/pamela-gutierrez\/\" \/>\n<meta property=\"og:locale\" content=\"en_US\" \/>\n<meta property=\"og:type\" content=\"article\" \/>\n<meta property=\"og:title\" content=\"Pamela Guti\u00e9rrez - N\u00facleo Disca\" \/>\n<meta property=\"og:description\" content=\"Universidad de Chile Academic profile Pamela Loreto Guti\u00e9rrez Monclus is a researcher and academic. Associate researcher at DISCA and Associate Professor at the Department of Occupational Therapy and Occupational Science of the University of Chile, since 2008. She develops research around intellectual disability, participation and independent living. As an Occupational Therapist, she practiced five years [&hellip;]\" \/>\n<meta property=\"og:url\" content=\"https:\/\/nucleodisca.cl\/quienes-somos\/investigadores-cientificos\/investigadores-adjuntos\/pamela-gutierrez\/\" \/>\n<meta property=\"og:site_name\" content=\"N\u00facleo Disca\" \/>\n<meta property=\"article:publisher\" content=\"https:\/\/www.facebook.com\/nucleodisca\" \/>\n<meta property=\"article:modified_time\" content=\"2026-04-01T17:46:15+00:00\" \/>\n<meta property=\"og:image\" content=\"https:\/\/nucleodisca.cl\/cms\/wp-content\/uploads\/2023\/11\/WhatsApp-Image-2023-11-03-at-16.23.01.jpeg\" \/>\n\t<meta property=\"og:image:width\" content=\"768\" \/>\n\t<meta property=\"og:image:height\" content=\"1024\" \/>\n\t<meta property=\"og:image:type\" content=\"image\/jpeg\" \/>\n<meta name=\"twitter:card\" content=\"summary_large_image\" \/>\n<meta name=\"twitter:site\" content=\"@NucleoDISCA\" \/>\n<meta name=\"twitter:label1\" content=\"Est. reading time\" \/>\n\t<meta name=\"twitter:data1\" content=\"1 minute\" \/>\n<script type=\"application\/ld+json\" class=\"yoast-schema-graph\">{\"@context\":\"https:\/\/schema.org\",\"@graph\":[{\"@type\":\"WebPage\",\"@id\":\"https:\/\/nucleodisca.cl\/quienes-somos\/investigadores-cientificos\/investigadores-adjuntos\/pamela-gutierrez\/\",\"url\":\"https:\/\/nucleodisca.cl\/quienes-somos\/investigadores-cientificos\/investigadores-adjuntos\/pamela-gutierrez\/\",\"name\":\"Pamela Guti\u00e9rrez - N\u00facleo Disca\",\"isPartOf\":{\"@id\":\"https:\/\/nucleodisca.cl\/#website\"},\"primaryImageOfPage\":{\"@id\":\"https:\/\/nucleodisca.cl\/quienes-somos\/investigadores-cientificos\/investigadores-adjuntos\/pamela-gutierrez\/#primaryimage\"},\"image\":{\"@id\":\"https:\/\/nucleodisca.cl\/quienes-somos\/investigadores-cientificos\/investigadores-adjuntos\/pamela-gutierrez\/#primaryimage\"},\"thumbnailUrl\":\"https:\/\/nucleodisca.cl\/cms\/wp-content\/uploads\/2023\/11\/WhatsApp-Image-2023-11-03-at-16.23.01.jpeg\",\"datePublished\":\"2023-05-31T21:25:44+00:00\",\"dateModified\":\"2026-04-01T17:46:15+00:00\",\"breadcrumb\":{\"@id\":\"https:\/\/nucleodisca.cl\/quienes-somos\/investigadores-cientificos\/investigadores-adjuntos\/pamela-gutierrez\/#breadcrumb\"},\"inLanguage\":\"en-US\",\"potentialAction\":[{\"@type\":\"ReadAction\",\"target\":[\"https:\/\/nucleodisca.cl\/quienes-somos\/investigadores-cientificos\/investigadores-adjuntos\/pamela-gutierrez\/\"]}]},{\"@type\":\"ImageObject\",\"inLanguage\":\"en-US\",\"@id\":\"https:\/\/nucleodisca.cl\/quienes-somos\/investigadores-cientificos\/investigadores-adjuntos\/pamela-gutierrez\/#primaryimage\",\"url\":\"https:\/\/nucleodisca.cl\/cms\/wp-content\/uploads\/2023\/11\/WhatsApp-Image-2023-11-03-at-16.23.01.jpeg\",\"contentUrl\":\"https:\/\/nucleodisca.cl\/cms\/wp-content\/uploads\/2023\/11\/WhatsApp-Image-2023-11-03-at-16.23.01.jpeg\",\"width\":768,\"height\":1024,\"caption\":\"Fotograf\u00eda de Andrea Yupanqui\"},{\"@type\":\"BreadcrumbList\",\"@id\":\"https:\/\/nucleodisca.cl\/quienes-somos\/investigadores-cientificos\/investigadores-adjuntos\/pamela-gutierrez\/#breadcrumb\",\"itemListElement\":[{\"@type\":\"ListItem\",\"position\":1,\"name\":\"Portada\",\"item\":\"https:\/\/nucleodisca.cl\/\"},{\"@type\":\"ListItem\",\"position\":2,\"name\":\"Qui\u00e9nes somos\",\"item\":\"https:\/\/nucleodisca.cl\/quienes-somos\/\"},{\"@type\":\"ListItem\",\"position\":3,\"name\":\"Investigadores\",\"item\":\"https:\/\/nucleodisca.cl\/quienes-somos\/investigadores-cientificos\/\"},{\"@type\":\"ListItem\",\"position\":4,\"name\":\"Investigadores Adjuntos\",\"item\":\"https:\/\/nucleodisca.cl\/quienes-somos\/investigadores-cientificos\/investigadores-adjuntos\/\"},{\"@type\":\"ListItem\",\"position\":5,\"name\":\"Pamela Guti\u00e9rrez\"}]},{\"@type\":\"WebSite\",\"@id\":\"https:\/\/nucleodisca.cl\/#website\",\"url\":\"https:\/\/nucleodisca.cl\/\",\"name\":\"N\u00facleo Disca\",\"description\":\"Disability and citizenship\",\"publisher\":{\"@id\":\"https:\/\/nucleodisca.cl\/#organization\"},\"potentialAction\":[{\"@type\":\"SearchAction\",\"target\":{\"@type\":\"EntryPoint\",\"urlTemplate\":\"https:\/\/nucleodisca.cl\/?s={search_term_string}\"},\"query-input\":{\"@type\":\"PropertyValueSpecification\",\"valueRequired\":true,\"valueName\":\"search_term_string\"}}],\"inLanguage\":\"en-US\"},{\"@type\":\"Organization\",\"@id\":\"https:\/\/nucleodisca.cl\/#organization\",\"name\":\"N\u00facleo Milenio Disca\",\"url\":\"https:\/\/nucleodisca.cl\/\",\"logo\":{\"@type\":\"ImageObject\",\"inLanguage\":\"en-US\",\"@id\":\"https:\/\/nucleodisca.cl\/#\/schema\/logo\/image\/\",\"url\":\"https:\/\/nucleodisca.cl\/cms\/wp-content\/uploads\/2023\/10\/DISCA-2-NEGRO-COLOR-A.png\",\"contentUrl\":\"https:\/\/nucleodisca.cl\/cms\/wp-content\/uploads\/2023\/10\/DISCA-2-NEGRO-COLOR-A.png\",\"width\":3319,\"height\":1759,\"caption\":\"N\u00facleo Milenio Disca\"},\"image\":{\"@id\":\"https:\/\/nucleodisca.cl\/#\/schema\/logo\/image\/\"},\"sameAs\":[\"https:\/\/www.facebook.com\/nucleodisca\",\"https:\/\/x.com\/NucleoDISCA\",\"https:\/\/www.instagram.com\/nucleodisca\/\",\"https:\/\/www.linkedin.com\/in\/andreaocampocea\/\"]}]}<\/script>\n<!-- \/ Yoast SEO plugin. -->","yoast_head_json":{"title":"Pamela Guti\u00e9rrez - N\u00facleo Disca","robots":{"index":"index","follow":"follow","max-snippet":"max-snippet:-1","max-image-preview":"max-image-preview:large","max-video-preview":"max-video-preview:-1"},"canonical":"https:\/\/nucleodisca.cl\/quienes-somos\/investigadores-cientificos\/investigadores-adjuntos\/pamela-gutierrez\/","og_locale":"en_US","og_type":"article","og_title":"Pamela Guti\u00e9rrez - N\u00facleo Disca","og_description":"Universidad de Chile Academic profile Pamela Loreto Guti\u00e9rrez Monclus is a researcher and academic. Associate researcher at DISCA and Associate Professor at the Department of Occupational Therapy and Occupational Science of the University of Chile, since 2008. She develops research around intellectual disability, participation and independent living. As an Occupational Therapist, she practiced five years [&hellip;]","og_url":"https:\/\/nucleodisca.cl\/quienes-somos\/investigadores-cientificos\/investigadores-adjuntos\/pamela-gutierrez\/","og_site_name":"N\u00facleo Disca","article_publisher":"https:\/\/www.facebook.com\/nucleodisca","article_modified_time":"2026-04-01T17:46:15+00:00","og_image":[{"width":768,"height":1024,"url":"https:\/\/nucleodisca.cl\/cms\/wp-content\/uploads\/2023\/11\/WhatsApp-Image-2023-11-03-at-16.23.01.jpeg","type":"image\/jpeg"}],"twitter_card":"summary_large_image","twitter_site":"@NucleoDISCA","twitter_misc":{"Est. reading time":"1 minute"},"schema":{"@context":"https:\/\/schema.org","@graph":[{"@type":"WebPage","@id":"https:\/\/nucleodisca.cl\/quienes-somos\/investigadores-cientificos\/investigadores-adjuntos\/pamela-gutierrez\/","url":"https:\/\/nucleodisca.cl\/quienes-somos\/investigadores-cientificos\/investigadores-adjuntos\/pamela-gutierrez\/","name":"Pamela Guti\u00e9rrez - N\u00facleo Disca","isPartOf":{"@id":"https:\/\/nucleodisca.cl\/#website"},"primaryImageOfPage":{"@id":"https:\/\/nucleodisca.cl\/quienes-somos\/investigadores-cientificos\/investigadores-adjuntos\/pamela-gutierrez\/#primaryimage"},"image":{"@id":"https:\/\/nucleodisca.cl\/quienes-somos\/investigadores-cientificos\/investigadores-adjuntos\/pamela-gutierrez\/#primaryimage"},"thumbnailUrl":"https:\/\/nucleodisca.cl\/cms\/wp-content\/uploads\/2023\/11\/WhatsApp-Image-2023-11-03-at-16.23.01.jpeg","datePublished":"2023-05-31T21:25:44+00:00","dateModified":"2026-04-01T17:46:15+00:00","breadcrumb":{"@id":"https:\/\/nucleodisca.cl\/quienes-somos\/investigadores-cientificos\/investigadores-adjuntos\/pamela-gutierrez\/#breadcrumb"},"inLanguage":"en-US","potentialAction":[{"@type":"ReadAction","target":["https:\/\/nucleodisca.cl\/quienes-somos\/investigadores-cientificos\/investigadores-adjuntos\/pamela-gutierrez\/"]}]},{"@type":"ImageObject","inLanguage":"en-US","@id":"https:\/\/nucleodisca.cl\/quienes-somos\/investigadores-cientificos\/investigadores-adjuntos\/pamela-gutierrez\/#primaryimage","url":"https:\/\/nucleodisca.cl\/cms\/wp-content\/uploads\/2023\/11\/WhatsApp-Image-2023-11-03-at-16.23.01.jpeg","contentUrl":"https:\/\/nucleodisca.cl\/cms\/wp-content\/uploads\/2023\/11\/WhatsApp-Image-2023-11-03-at-16.23.01.jpeg","width":768,"height":1024,"caption":"Fotograf\u00eda de Andrea Yupanqui"},{"@type":"BreadcrumbList","@id":"https:\/\/nucleodisca.cl\/quienes-somos\/investigadores-cientificos\/investigadores-adjuntos\/pamela-gutierrez\/#breadcrumb","itemListElement":[{"@type":"ListItem","position":1,"name":"Portada","item":"https:\/\/nucleodisca.cl\/"},{"@type":"ListItem","position":2,"name":"Qui\u00e9nes somos","item":"https:\/\/nucleodisca.cl\/quienes-somos\/"},{"@type":"ListItem","position":3,"name":"Investigadores","item":"https:\/\/nucleodisca.cl\/quienes-somos\/investigadores-cientificos\/"},{"@type":"ListItem","position":4,"name":"Investigadores Adjuntos","item":"https:\/\/nucleodisca.cl\/quienes-somos\/investigadores-cientificos\/investigadores-adjuntos\/"},{"@type":"ListItem","position":5,"name":"Pamela Guti\u00e9rrez"}]},{"@type":"WebSite","@id":"https:\/\/nucleodisca.cl\/#website","url":"https:\/\/nucleodisca.cl\/","name":"N\u00facleo Disca","description":"Disability and citizenship","publisher":{"@id":"https:\/\/nucleodisca.cl\/#organization"},"potentialAction":[{"@type":"SearchAction","target":{"@type":"EntryPoint","urlTemplate":"https:\/\/nucleodisca.cl\/?s={search_term_string}"},"query-input":{"@type":"PropertyValueSpecification","valueRequired":true,"valueName":"search_term_string"}}],"inLanguage":"en-US"},{"@type":"Organization","@id":"https:\/\/nucleodisca.cl\/#organization","name":"N\u00facleo Milenio Disca","url":"https:\/\/nucleodisca.cl\/","logo":{"@type":"ImageObject","inLanguage":"en-US","@id":"https:\/\/nucleodisca.cl\/#\/schema\/logo\/image\/","url":"https:\/\/nucleodisca.cl\/cms\/wp-content\/uploads\/2023\/10\/DISCA-2-NEGRO-COLOR-A.png","contentUrl":"https:\/\/nucleodisca.cl\/cms\/wp-content\/uploads\/2023\/10\/DISCA-2-NEGRO-COLOR-A.png","width":3319,"height":1759,"caption":"N\u00facleo Milenio Disca"},"image":{"@id":"https:\/\/nucleodisca.cl\/#\/schema\/logo\/image\/"},"sameAs":["https:\/\/www.facebook.com\/nucleodisca","https:\/\/x.com\/NucleoDISCA","https:\/\/www.instagram.com\/nucleodisca\/","https:\/\/www.linkedin.com\/in\/andreaocampocea\/"]}]}},"_links":{"self":[{"href":"https:\/\/nucleodisca.cl\/en\/wp-json\/wp\/v2\/pages\/499","targetHints":{"allow":["GET"]}}],"collection":[{"href":"https:\/\/nucleodisca.cl\/en\/wp-json\/wp\/v2\/pages"}],"about":[{"href":"https:\/\/nucleodisca.cl\/en\/wp-json\/wp\/v2\/types\/page"}],"author":[{"embeddable":true,"href":"https:\/\/nucleodisca.cl\/en\/wp-json\/wp\/v2\/users\/4"}],"replies":[{"embeddable":true,"href":"https:\/\/nucleodisca.cl\/en\/wp-json\/wp\/v2\/comments?post=499"}],"version-history":[{"count":6,"href":"https:\/\/nucleodisca.cl\/en\/wp-json\/wp\/v2\/pages\/499\/revisions"}],"predecessor-version":[{"id":2091,"href":"https:\/\/nucleodisca.cl\/en\/wp-json\/wp\/v2\/pages\/499\/revisions\/2091"}],"up":[{"embeddable":true,"href":"https:\/\/nucleodisca.cl\/en\/wp-json\/wp\/v2\/pages\/383"}],"wp:featuredmedia":[{"embeddable":true,"href":"https:\/\/nucleodisca.cl\/en\/wp-json\/wp\/v2\/media\/696"}],"wp:attachment":[{"href":"https:\/\/nucleodisca.cl\/en\/wp-json\/wp\/v2\/media?parent=499"}],"curies":[{"name":"wp","href":"https:\/\/api.w.org\/{rel}","templated":true}]}}